{"id":1181,"date":"2024-06-17T20:08:09","date_gmt":"2024-06-17T20:08:09","guid":{"rendered":"https:\/\/mdltelecom.ca\/protection-des-renseignements\/"},"modified":"2025-03-21T14:05:22","modified_gmt":"2025-03-21T14:05:22","slug":"protection-des-renseignements","status":"publish","type":"page","link":"https:\/\/mdltelecom.ca\/en\/protection-des-renseignements\/","title":{"rendered":"Protection des renseignements"},"content":{"rendered":"<section class=\"hero_pages alignfull wp-block-acf-hero-pages\">\n        <div class=\"banner_allpages parallax-img-v2\">\n\n        <img decoding=\"async\" src=\"https:\/\/mdltelecom.ca\/wp-content\/uploads\/2024\/07\/banner_pages.png\" alt=\"\" \/>\n\n        <div class=\"title_bars\">\n            <div class=\"title_bar\">\n                <h3>Protection des renseignements<\/h3>\n            <\/div>\n            <!-- <div class=\"bar_white\"><\/div> -->\n        <\/div>\n    <\/div>\n    <\/section>\n\n\n<div class=\"wp-block-group alignfull content_single_service is-layout-constrained wp-block-group-is-layout-constrained\" id=\"begin_to_read\">\n<div class=\"wp-block-group content_inside is-layout-constrained wp-block-group-is-layout-constrained\">\n<h3 class=\"wp-block-heading\">Nous accordons une haute importance \u00e0 la s\u00e9curit\u00e9 de vos donn\u00e9es personnelles.<\/h3>\n\n\n\n<p class=\"more_padding\">Conscients de la confiance que vous nous t\u00e9moignez, nous nous d\u00e9dions \u00e0 la protection de la confidentialit\u00e9 de vos informations conform\u00e9ment aux r\u00e9glementations sur la protection des donn\u00e9es, y compris la Loi sur la protection des renseignements personnels dans le secteur priv\u00e9 et d&#8217;autres dispositions l\u00e9gales pertinentes. Notre politique est de ne recueillir, utiliser, divulguer et conserver que les informations personnelles strictement n\u00e9cessaires pour nos activit\u00e9s et la fourniture de nos services.<\/p>\n\n\n\n<h6 class=\"wp-block-heading\">Consentement<\/h6>\n\n\n\n<p class=\"more_padding\">Chez MDL T\u00e9l\u00e9com, nous obtenons g\u00e9n\u00e9ralement votre consentement par \u00e9crit ou verbalement. Cependant, nous ne sollicitons votre consentement pour collecter, utiliser ou divulguer vos informations personnelles que lorsque cela est n\u00e9cessaire \u00e0 la fourniture de nos services.<\/p>\n\n\n\n<h6 class=\"wp-block-heading\">Collecte<\/h6>\n\n\n\n<p>MDL T\u00e9l\u00e9com s&#8217;engage \u00e0 prot\u00e9ger vos renseignements personnels d\u00e8s leur collecte, mettant en place des mesures de s\u00e9curit\u00e9 destin\u00e9es \u00e0 pr\u00e9venir les usages non conformes \u00e0 la loi, les pertes accidentelles, les modifications, les divulgations ou les acc\u00e8s non autoris\u00e9s, les mauvais usages ou toute autre utilisation ill\u00e9gale. Toutefois, nous ne pouvons assurer une protection absolue contre toutes les violations possibles.<\/p>\n\n\n\n<h6 class=\"wp-block-heading\">Communications<\/h6>\n\n\n\n<p>Nous partageons parfois des renseignements personnels avec des tiers, tels que des sous-traitants ou des fournisseurs de services. Les accords \u00e9tablis avec ces partenaires leur imposent de garder la confidentialit\u00e9 des informations personnelles et de respecter les lois applicables en mati\u00e8re de protection de donn\u00e9es.<\/p>\n\n\n\n<h6 class=\"wp-block-heading\">Personne responsable de la protection des renseignements personnels<\/h6>\n\n\n\n<p>Pour toute question, commentaire ou plainte concernant la protection de vos donn\u00e9es, vous pouvez contacter notre responsable de la protection des renseignements personnels, Jessyka Rodrigue \u00e0 jrodrigue@mdltelecom.ca<\/p>\n\n\n\n<h6 class=\"wp-block-heading\">Navigation<\/h6>\n\n\n\n<p>Vous pouvez naviguer sur notre site sans vous identifier ni divulguer vos informations personnelles. N\u00e9anmoins, nous collectons automatiquement certaines informations anonymes, telles que votre adresse IP, votre fournisseur d\u2019acc\u00e8s Internet, le type de navigateur et le syst\u00e8me d\u2019exploitation utilis\u00e9s, ainsi que l\u2019adresse du site web visit\u00e9 avant le n\u00f4tre. Si vous acceptez les cookies, nous les utiliserons pour personnaliser votre exp\u00e9rience de mani\u00e8re anonyme. Pour plus de d\u00e9tails, consultez notre section sur les cookies.<\/p>\n\n\n\n<h6 class=\"wp-block-heading\">Cookies<\/h6>\n\n\n\n<p>Lorsque vous laissez un commentaire sur notre site, les t\u00e9moins peuvent m\u00e9moriser votre nom, adresse e-mail et site web. Cela vous \u00e9vite de devoir ressaisir ces informations \u00e0 chaque commentaire. Ces cookies ont une dur\u00e9e de vie d\u2019un an.<\/p>\n<\/div>\n<\/div>\n\n\n\n<section class=\"wp-block-group alignfull back_image_content is-layout-constrained wp-block-group-is-layout-constrained\">\n<figure class=\"wp-block-image size-large image_bg parallax-img\"><img loading=\"lazy\" decoding=\"async\" width=\"1024\" height=\"375\" src=\"https:\/\/mdltelecom.ca\/wp-content\/uploads\/2024\/06\/young-man-in-uniform-works-in-server-room-2023-11-27-05-13-34-utc-1024x375.png\" alt=\"\" class=\"wp-image-222\" srcset=\"https:\/\/mdltelecom.ca\/wp-content\/uploads\/2024\/06\/young-man-in-uniform-works-in-server-room-2023-11-27-05-13-34-utc-1024x375.png 1024w, https:\/\/mdltelecom.ca\/wp-content\/uploads\/2024\/06\/young-man-in-uniform-works-in-server-room-2023-11-27-05-13-34-utc-300x110.png 300w, https:\/\/mdltelecom.ca\/wp-content\/uploads\/2024\/06\/young-man-in-uniform-works-in-server-room-2023-11-27-05-13-34-utc-768x281.png 768w, https:\/\/mdltelecom.ca\/wp-content\/uploads\/2024\/06\/young-man-in-uniform-works-in-server-room-2023-11-27-05-13-34-utc-1536x562.png 1536w, https:\/\/mdltelecom.ca\/wp-content\/uploads\/2024\/06\/young-man-in-uniform-works-in-server-room-2023-11-27-05-13-34-utc.png 1920w\" sizes=\"auto, (max-width: 1024px) 100vw, 1024px\" \/><\/figure>\n\n\n\n<div class=\"wp-block-group content_bg has-custom-violet-background-color has-background is-layout-constrained wp-block-group-is-layout-constrained\">\n<div class=\"wp-block-group alignfull column_content_bg has-custom-dark-bleu-background-color has-background is-vertical is-layout-flex wp-container-core-group-is-layout-fe9cc265 wp-block-group-is-layout-flex\">\n<h2 class=\"wp-block-heading has-white-color has-text-color has-link-color wp-elements-f1c4f2c91eba3ca30294a36d8f59bcfd\">Connecter l&#8217;avenir, depuis 2005<\/h2>\n\n\n\n<p>L\u2019entreprise d\u00e9bute ses op\u00e9rations au d\u00e9but de 2005. Les fondateurs se donnent principalement comme objectif d\u2019offrir des solutions de syst\u00e8mes t\u00e9l\u00e9phonique avanc\u00e9es pour la client\u00e8le d\u2019affaires de la r\u00e9gion de la Capitale-Nationale.<\/p>\n\n\n\n<div class=\"wp-block-buttons arrow_button is-layout-flex wp-block-buttons-is-layout-flex\">\n<div class=\"wp-block-button custom_button1\"><a class=\"wp-block-button__link wp-element-button\" href=\"https:\/\/mdltelecom.ca\/en\/a-propos\/\">\u00c0 propos de MDL<svg id=\"Calque_2\" data-name=\"Calque 2\" xmlns=\"http:\/\/www.w3.org\/2000\/svg\" viewBox=\"0 0 150.45 83.75\"><defs><style>.cls-1{fill:#000;stroke:#000;stroke-miterlimit:10;stroke-width:3px;}<\/style><\/defs><g id=\"Layer_1\" data-name=\"Layer 1\"><path class=\"cls-1\" d=\"M6.03,46.89l127.6-.74-28.24,28.36c-1.79,1.81-1.77,4.61.04,6.4s4.61,1.77,6.4-.04l35.79-35.91c1.79-1.81,1.77-4.61-.04-6.4L111.67,2.78c-.91-.89-2.01-1.29-3.21-1.28-1.1,0-2.3.41-3.19,1.32-1.79,1.71-1.77,4.61.04,6.4l28.16,28.04-127.5.74c-2.5.01-4.49,2.03-4.47,4.53s2.03,4.39,4.53,4.37h0Z\"><\/path><\/g><\/svg><\/a><\/div>\n<\/div>\n<\/div>\n<\/div>\n<\/section>\n","protected":false},"excerpt":{"rendered":"<p>Nous accordons une haute importance \u00e0 la s\u00e9curit\u00e9 de vos donn\u00e9es personnelles. Conscients de la confiance que vous nous t\u00e9moignez, nous nous d\u00e9dions \u00e0 la protection de la confidentialit\u00e9 de vos informations conform\u00e9ment aux r\u00e9glementations sur la protection des donn\u00e9es, y compris la Loi sur la protection des renseignements personnels dans le secteur priv\u00e9 et [&hellip;]<\/p>\n","protected":false},"author":1,"featured_media":0,"parent":0,"menu_order":0,"comment_status":"closed","ping_status":"open","template":"","meta":{"_acf_changed":false,"inline_featured_image":false,"footnotes":""},"class_list":["post-1181","page","type-page","status-publish","hentry"],"acf":[],"yoast_head":"<!-- This site is optimized with the Yoast SEO plugin v25.2 - https:\/\/yoast.com\/wordpress\/plugins\/seo\/ -->\n<title>Protection des renseignements | MDL T\u00e9l\u00e9com<\/title>\n<meta name=\"robots\" content=\"index, follow, max-snippet:-1, max-image-preview:large, max-video-preview:-1\" \/>\n<link rel=\"canonical\" href=\"https:\/\/mdltelecom.ca\/en\/protection-des-renseignements\/\" \/>\n<meta property=\"og:locale\" content=\"en_US\" \/>\n<meta property=\"og:type\" content=\"article\" \/>\n<meta property=\"og:title\" content=\"Protection des renseignements | MDL T\u00e9l\u00e9com\" \/>\n<meta property=\"og:description\" content=\"Nous accordons une haute importance \u00e0 la s\u00e9curit\u00e9 de vos donn\u00e9es personnelles. Conscients de la confiance que vous nous t\u00e9moignez, nous nous d\u00e9dions \u00e0 la protection de la confidentialit\u00e9 de vos informations conform\u00e9ment aux r\u00e9glementations sur la protection des donn\u00e9es, y compris la Loi sur la protection des renseignements personnels dans le secteur priv\u00e9 et [&hellip;]\" \/>\n<meta property=\"og:url\" content=\"https:\/\/mdltelecom.ca\/en\/protection-des-renseignements\/\" \/>\n<meta property=\"og:site_name\" content=\"MDL T\u00e9l\u00e9com\" \/>\n<meta property=\"article:modified_time\" content=\"2025-03-21T14:05:22+00:00\" \/>\n<meta property=\"og:image\" content=\"https:\/\/mdltelecom.ca\/wp-content\/uploads\/2024\/06\/young-man-in-uniform-works-in-server-room-2023-11-27-05-13-34-utc-1024x375.png\" \/>\n<meta name=\"twitter:card\" content=\"summary_large_image\" \/>\n<meta name=\"twitter:label1\" content=\"Est. reading time\" \/>\n\t<meta name=\"twitter:data1\" content=\"3 minutes\" \/>\n<script type=\"application\/ld+json\" class=\"yoast-schema-graph\">{\"@context\":\"https:\/\/schema.org\",\"@graph\":[{\"@type\":\"WebPage\",\"@id\":\"https:\/\/mdltelecom.ca\/en\/protection-des-renseignements\/\",\"url\":\"https:\/\/mdltelecom.ca\/en\/protection-des-renseignements\/\",\"name\":\"Protection des renseignements | MDL T\u00e9l\u00e9com\",\"isPartOf\":{\"@id\":\"https:\/\/mdltelecom.ca\/en\/#website\"},\"primaryImageOfPage\":{\"@id\":\"https:\/\/mdltelecom.ca\/en\/protection-des-renseignements\/#primaryimage\"},\"image\":{\"@id\":\"https:\/\/mdltelecom.ca\/en\/protection-des-renseignements\/#primaryimage\"},\"thumbnailUrl\":\"https:\/\/mdltelecom.ca\/wp-content\/uploads\/2024\/06\/young-man-in-uniform-works-in-server-room-2023-11-27-05-13-34-utc-1024x375.png\",\"datePublished\":\"2024-06-17T20:08:09+00:00\",\"dateModified\":\"2025-03-21T14:05:22+00:00\",\"breadcrumb\":{\"@id\":\"https:\/\/mdltelecom.ca\/en\/protection-des-renseignements\/#breadcrumb\"},\"inLanguage\":\"en-US\",\"potentialAction\":[{\"@type\":\"ReadAction\",\"target\":[\"https:\/\/mdltelecom.ca\/en\/protection-des-renseignements\/\"]}]},{\"@type\":\"ImageObject\",\"inLanguage\":\"en-US\",\"@id\":\"https:\/\/mdltelecom.ca\/en\/protection-des-renseignements\/#primaryimage\",\"url\":\"https:\/\/mdltelecom.ca\/wp-content\/uploads\/2024\/06\/young-man-in-uniform-works-in-server-room-2023-11-27-05-13-34-utc-1024x375.png\",\"contentUrl\":\"https:\/\/mdltelecom.ca\/wp-content\/uploads\/2024\/06\/young-man-in-uniform-works-in-server-room-2023-11-27-05-13-34-utc-1024x375.png\"},{\"@type\":\"BreadcrumbList\",\"@id\":\"https:\/\/mdltelecom.ca\/en\/protection-des-renseignements\/#breadcrumb\",\"itemListElement\":[{\"@type\":\"ListItem\",\"position\":1,\"name\":\"Home\",\"item\":\"https:\/\/mdltelecom.ca\/en\/\"},{\"@type\":\"ListItem\",\"position\":2,\"name\":\"Protection des renseignements\"}]},{\"@type\":\"WebSite\",\"@id\":\"https:\/\/mdltelecom.ca\/en\/#website\",\"url\":\"https:\/\/mdltelecom.ca\/en\/\",\"name\":\"MDL T\u00e9l\u00e9com\",\"description\":\"Internet &amp; T\u00e9l\u00e9communication Gatineau - Ottawa\",\"publisher\":{\"@id\":\"https:\/\/mdltelecom.ca\/en\/#organization\"},\"potentialAction\":[{\"@type\":\"SearchAction\",\"target\":{\"@type\":\"EntryPoint\",\"urlTemplate\":\"https:\/\/mdltelecom.ca\/en\/?s={search_term_string}\"},\"query-input\":{\"@type\":\"PropertyValueSpecification\",\"valueRequired\":true,\"valueName\":\"search_term_string\"}}],\"inLanguage\":\"en-US\"},{\"@type\":\"Organization\",\"@id\":\"https:\/\/mdltelecom.ca\/en\/#organization\",\"name\":\"MDL T\u00e9l\u00e9com\",\"url\":\"https:\/\/mdltelecom.ca\/en\/\",\"logo\":{\"@type\":\"ImageObject\",\"inLanguage\":\"en-US\",\"@id\":\"https:\/\/mdltelecom.ca\/en\/#\/schema\/logo\/image\/\",\"url\":\"https:\/\/mdltelecom.ca\/wp-content\/uploads\/2024\/06\/logomdl.svg\",\"contentUrl\":\"https:\/\/mdltelecom.ca\/wp-content\/uploads\/2024\/06\/logomdl.svg\",\"caption\":\"MDL T\u00e9l\u00e9com\"},\"image\":{\"@id\":\"https:\/\/mdltelecom.ca\/en\/#\/schema\/logo\/image\/\"}}]}<\/script>\n<!-- \/ Yoast SEO plugin. -->","yoast_head_json":{"title":"Protection des renseignements | MDL T\u00e9l\u00e9com","robots":{"index":"index","follow":"follow","max-snippet":"max-snippet:-1","max-image-preview":"max-image-preview:large","max-video-preview":"max-video-preview:-1"},"canonical":"https:\/\/mdltelecom.ca\/en\/protection-des-renseignements\/","og_locale":"en_US","og_type":"article","og_title":"Protection des renseignements | MDL T\u00e9l\u00e9com","og_description":"Nous accordons une haute importance \u00e0 la s\u00e9curit\u00e9 de vos donn\u00e9es personnelles. Conscients de la confiance que vous nous t\u00e9moignez, nous nous d\u00e9dions \u00e0 la protection de la confidentialit\u00e9 de vos informations conform\u00e9ment aux r\u00e9glementations sur la protection des donn\u00e9es, y compris la Loi sur la protection des renseignements personnels dans le secteur priv\u00e9 et [&hellip;]","og_url":"https:\/\/mdltelecom.ca\/en\/protection-des-renseignements\/","og_site_name":"MDL T\u00e9l\u00e9com","article_modified_time":"2025-03-21T14:05:22+00:00","og_image":[{"url":"https:\/\/mdltelecom.ca\/wp-content\/uploads\/2024\/06\/young-man-in-uniform-works-in-server-room-2023-11-27-05-13-34-utc-1024x375.png","type":"","width":"","height":""}],"twitter_card":"summary_large_image","twitter_misc":{"Est. reading time":"3 minutes"},"schema":{"@context":"https:\/\/schema.org","@graph":[{"@type":"WebPage","@id":"https:\/\/mdltelecom.ca\/en\/protection-des-renseignements\/","url":"https:\/\/mdltelecom.ca\/en\/protection-des-renseignements\/","name":"Protection des renseignements | MDL T\u00e9l\u00e9com","isPartOf":{"@id":"https:\/\/mdltelecom.ca\/en\/#website"},"primaryImageOfPage":{"@id":"https:\/\/mdltelecom.ca\/en\/protection-des-renseignements\/#primaryimage"},"image":{"@id":"https:\/\/mdltelecom.ca\/en\/protection-des-renseignements\/#primaryimage"},"thumbnailUrl":"https:\/\/mdltelecom.ca\/wp-content\/uploads\/2024\/06\/young-man-in-uniform-works-in-server-room-2023-11-27-05-13-34-utc-1024x375.png","datePublished":"2024-06-17T20:08:09+00:00","dateModified":"2025-03-21T14:05:22+00:00","breadcrumb":{"@id":"https:\/\/mdltelecom.ca\/en\/protection-des-renseignements\/#breadcrumb"},"inLanguage":"en-US","potentialAction":[{"@type":"ReadAction","target":["https:\/\/mdltelecom.ca\/en\/protection-des-renseignements\/"]}]},{"@type":"ImageObject","inLanguage":"en-US","@id":"https:\/\/mdltelecom.ca\/en\/protection-des-renseignements\/#primaryimage","url":"https:\/\/mdltelecom.ca\/wp-content\/uploads\/2024\/06\/young-man-in-uniform-works-in-server-room-2023-11-27-05-13-34-utc-1024x375.png","contentUrl":"https:\/\/mdltelecom.ca\/wp-content\/uploads\/2024\/06\/young-man-in-uniform-works-in-server-room-2023-11-27-05-13-34-utc-1024x375.png"},{"@type":"BreadcrumbList","@id":"https:\/\/mdltelecom.ca\/en\/protection-des-renseignements\/#breadcrumb","itemListElement":[{"@type":"ListItem","position":1,"name":"Home","item":"https:\/\/mdltelecom.ca\/en\/"},{"@type":"ListItem","position":2,"name":"Protection des renseignements"}]},{"@type":"WebSite","@id":"https:\/\/mdltelecom.ca\/en\/#website","url":"https:\/\/mdltelecom.ca\/en\/","name":"MDL T\u00e9l\u00e9com","description":"Internet &amp; T\u00e9l\u00e9communication Gatineau - Ottawa","publisher":{"@id":"https:\/\/mdltelecom.ca\/en\/#organization"},"potentialAction":[{"@type":"SearchAction","target":{"@type":"EntryPoint","urlTemplate":"https:\/\/mdltelecom.ca\/en\/?s={search_term_string}"},"query-input":{"@type":"PropertyValueSpecification","valueRequired":true,"valueName":"search_term_string"}}],"inLanguage":"en-US"},{"@type":"Organization","@id":"https:\/\/mdltelecom.ca\/en\/#organization","name":"MDL T\u00e9l\u00e9com","url":"https:\/\/mdltelecom.ca\/en\/","logo":{"@type":"ImageObject","inLanguage":"en-US","@id":"https:\/\/mdltelecom.ca\/en\/#\/schema\/logo\/image\/","url":"https:\/\/mdltelecom.ca\/wp-content\/uploads\/2024\/06\/logomdl.svg","contentUrl":"https:\/\/mdltelecom.ca\/wp-content\/uploads\/2024\/06\/logomdl.svg","caption":"MDL T\u00e9l\u00e9com"},"image":{"@id":"https:\/\/mdltelecom.ca\/en\/#\/schema\/logo\/image\/"}}]}},"featured_image_src":null,"featured_image_src_square":null,"_links":{"self":[{"href":"https:\/\/mdltelecom.ca\/en\/wp-json\/wp\/v2\/pages\/1181","targetHints":{"allow":["GET"]}}],"collection":[{"href":"https:\/\/mdltelecom.ca\/en\/wp-json\/wp\/v2\/pages"}],"about":[{"href":"https:\/\/mdltelecom.ca\/en\/wp-json\/wp\/v2\/types\/page"}],"author":[{"embeddable":true,"href":"https:\/\/mdltelecom.ca\/en\/wp-json\/wp\/v2\/users\/1"}],"replies":[{"embeddable":true,"href":"https:\/\/mdltelecom.ca\/en\/wp-json\/wp\/v2\/comments?post=1181"}],"version-history":[{"count":2,"href":"https:\/\/mdltelecom.ca\/en\/wp-json\/wp\/v2\/pages\/1181\/revisions"}],"predecessor-version":[{"id":1208,"href":"https:\/\/mdltelecom.ca\/en\/wp-json\/wp\/v2\/pages\/1181\/revisions\/1208"}],"wp:attachment":[{"href":"https:\/\/mdltelecom.ca\/en\/wp-json\/wp\/v2\/media?parent=1181"}],"curies":[{"name":"wp","href":"https:\/\/api.w.org\/{rel}","templated":true}]}}