{"id":1193,"date":"2024-06-18T19:15:43","date_gmt":"2024-06-18T19:15:43","guid":{"rendered":"https:\/\/mdltelecom.ca\/nous-joindre\/"},"modified":"2025-03-24T14:46:12","modified_gmt":"2025-03-24T14:46:12","slug":"contact-us","status":"publish","type":"page","link":"https:\/\/mdltelecom.ca\/en\/contact-us\/","title":{"rendered":"Contact us"},"content":{"rendered":"<section class=\"hero_pages alignfull wp-block-acf-hero-pages\">\n        <div class=\"banner_allpages parallax-img-v2\">\n\n        <img decoding=\"async\" src=\"https:\/\/mdltelecom.ca\/wp-content\/uploads\/2024\/11\/Depositphotos_469151294_ds-copy-2-scaled.jpg\" alt=\"\" \/>\n\n        <div class=\"title_bars\">\n            <div class=\"title_bar\">\n                <h3>Contact us<\/h3>\n            <\/div>\n            <!-- <div class=\"bar_white\"><\/div> -->\n        <\/div>\n    <\/div>\n    <\/section>\n\n\n<section class=\"wp-block-group alignfull contact_info has-custom-gris-background-color has-background is-layout-constrained wp-block-group-is-layout-constrained\">\n<div class=\"wp-block-group wrapper_principal_contact is-layout-constrained wp-block-group-is-layout-constrained\">\n<h2 class=\"wp-block-heading alignfull has-custom-bleu-color has-text-color has-link-color wp-elements-b7cda3369a7c45ef5966f501e0a472f8\">To contact us<\/h2>\n\n\n\n<div class=\"wp-block-group alignfull wrapper_contact_info is-content-justification-space-between is-nowrap is-layout-flex wp-container-core-group-is-layout-cb46ffcb wp-block-group-is-layout-flex\">\n<div class=\"wp-block-group wrapper_contact_info_left is-layout-constrained wp-block-group-is-layout-constrained\">\n<h5 class=\"wp-block-heading\">Opening hours<\/h5>\n\n\n\n<div class=\"wp-block-group address is-layout-constrained wp-block-group-is-layout-constrained\">\n<p>35, Rue de Villebois Suite 100<br>Gatineau, Quebec J8T 8J7<\/p>\n<\/div>\n\n\n\n<p>Tel.: 819 246-0203<br>Toll-free: 1-866 669-4445<br>Email: info@mdltelecom.ca<\/p>\n<\/div>\n\n\n\n<div class=\"wp-block-group wrapper_contact_info_right is-layout-constrained wp-block-group-is-layout-constrained\">\n<h5 class=\"wp-block-heading\">Opening hours<\/h5>\n\n\n\n<p>Monday to Friday: 8 a.m. to 4:30 p.m.<\/p>\n<\/div>\n<\/div>\n<\/div>\n<\/section>\n\n\n\n<section class=\"wp-block-group alignfull back_image_content_v2 v2 is-layout-constrained wp-block-group-is-layout-constrained\">\n<div class=\"wp-block-group content_bg_form has-custom-blanc-background-color has-background is-layout-constrained wp-block-group-is-layout-constrained\">\n<div class=\"wpcf7 no-js\" id=\"wpcf7-f1269-o1\" lang=\"en-US\" dir=\"ltr\" data-wpcf7-id=\"1269\">\n<div class=\"screen-reader-response\"><p role=\"status\" aria-live=\"polite\" aria-atomic=\"true\"><\/p> <ul><\/ul><\/div>\n<form action=\"\/en\/wp-json\/wp\/v2\/pages\/1193#wpcf7-f1269-o1\" method=\"post\" class=\"wpcf7-form init form contact-form\" aria-label=\"Contact form\" novalidate=\"novalidate\" data-status=\"init\">\n<div style=\"display: none;\">\n<input type=\"hidden\" name=\"_wpcf7\" value=\"1269\" \/>\n<input type=\"hidden\" name=\"_wpcf7_version\" value=\"6.0.6\" \/>\n<input type=\"hidden\" name=\"_wpcf7_locale\" value=\"en_US\" \/>\n<input type=\"hidden\" name=\"_wpcf7_unit_tag\" value=\"wpcf7-f1269-o1\" \/>\n<input type=\"hidden\" name=\"_wpcf7_container_post\" value=\"0\" \/>\n<input type=\"hidden\" name=\"_wpcf7_posted_data_hash\" value=\"\" \/>\n<input type=\"hidden\" name=\"_wpcf7_recaptcha_response\" value=\"\" \/>\n<\/div>\n<span class=\"wpcf7-form-control-wrap\" data-name=\"nom\"><input size=\"40\" maxlength=\"400\" class=\"wpcf7-form-control wpcf7-text wpcf7-validates-as-required name\" id=\"name\" aria-required=\"true\" aria-invalid=\"false\" placeholder=\"Last name\" value=\"\" type=\"text\" name=\"nom\" \/><\/span>\n<span class=\"wpcf7-form-control-wrap\" data-name=\"prenom\"><input size=\"40\" maxlength=\"400\" class=\"wpcf7-form-control wpcf7-text wpcf7-validates-as-required prenom\" id=\"prenom\" aria-required=\"true\" aria-invalid=\"false\" placeholder=\"First name\" value=\"\" type=\"text\" name=\"prenom\" \/><\/span>\n<span class=\"wpcf7-form-control-wrap\" data-name=\"email\"><input size=\"40\" maxlength=\"400\" class=\"wpcf7-form-control wpcf7-email wpcf7-text wpcf7-validates-as-email email\" id=\"email\" aria-invalid=\"false\" placeholder=\"Email\" value=\"\" type=\"email\" name=\"email\" \/><\/span>\n<span class=\"wpcf7-form-control-wrap\" data-name=\"entreprise\"><input size=\"40\" maxlength=\"400\" class=\"wpcf7-form-control wpcf7-text entreprise\" id=\"entreprise\" aria-invalid=\"false\" placeholder=\"Company\" value=\"\" type=\"text\" name=\"entreprise\" \/><\/span>\n\n<span class=\"wpcf7-form-control-wrap\" data-name=\"sujet\"><input size=\"40\" maxlength=\"400\" class=\"wpcf7-form-control wpcf7-text sujet\" id=\"sujet\" aria-invalid=\"false\" placeholder=\"Subject\" value=\"\" type=\"text\" name=\"sujet\" \/><\/span>\n\n\n<span class=\"wpcf7-form-control-wrap\" data-name=\"textarea\"><textarea cols=\"40\" rows=\"10\" maxlength=\"2000\" class=\"wpcf7-form-control wpcf7-textarea message\" id=\"message\" aria-invalid=\"false\" placeholder=\"Message\" name=\"textarea\"><\/textarea><\/span>\n\n<div class=\"submit_form\"><input class=\"wpcf7-form-control wpcf7-submit has-spinner send_email\" id=\"send_email\" type=\"submit\" value=\"Send\" \/> <svg xmlns=\"http:\/\/www.w3.org\/2000\/svg\" viewBox=\"0 0 187.44 80.75\"> \n  <g>\n    <path d=\"M4.47,44.09l167.66.92-28.54,28.03c-1.78,1.75-1.79,4.58-.06,6.36,1.75,1.78,4.6,1.79,6.36.06l36.2-35.54c1.78-1.75,1.79-4.58.06-6.36L150.62,1.34C149.75.45,148.59,0,147.44,0s-2.3.42-3.18,1.3c-1.78,1.74-1.81,4.58-.06,6.36l27.84,28.36-167.52-.92C2.04,35.09.01,37.09,0,39.57s1.99,4.5,4.48,4.51h0Z\"\/>\n  <\/g>\n<\/svg><\/div><div class=\"wpcf7-response-output\" aria-hidden=\"true\"><\/div>\n<\/form>\n<\/div>\n\n<\/div>\n<\/section>\n\n\n\n<section class=\"wp-block-group alignfull map_principal_container positon_up is-layout-constrained wp-block-group-is-layout-constrained\"><div class=\"maps_container alignfull wp-block-acf-maps\">\n    <div class=\"acf-map\" data-zoom=\"16\">\n        \n        <div class=\"marker\" data-lat=\"45.4929328\" data-lng=\"-75.7062752\"><\/div>\n            <\/div>\n<\/div><\/section>\n\n\n\n<section class=\"wp-block-group alignfull section_two_block is-layout-constrained wp-block-group-is-layout-constrained\">\n<div class=\"wp-block-columns alignfull section_wrapper_two_block has-custom-violet-background-color has-background is-layout-flex wp-container-core-columns-is-layout-28f84493 wp-block-columns-is-layout-flex\">\n<div class=\"wp-block-column section_two_block_left is-layout-constrained wp-block-column-is-layout-constrained\">\n<div class=\"wp-block-group content_left is-layout-constrained wp-block-group-is-layout-constrained\">\n<figure class=\"wp-block-image size-full\"><img loading=\"lazy\" decoding=\"async\" width=\"109\" height=\"109\" src=\"https:\/\/mdltelecom.ca\/wp-content\/uploads\/2024\/06\/technical-support_1515761-copy.png\" alt=\"\" class=\"wp-image-197\"\/><\/figure>\n\n\n\n<p class=\"ita_text has-roboto-font-family\" style=\"font-size:20px;font-style:normal;font-weight:500\">Technical support<\/p>\n\n\n\n<h5 class=\"wp-block-heading has-white-color has-text-color has-link-color wp-elements-ce383af264634de070e905558bca078b\">Experiencing technical issues? Contact us for immediate assistance from our support team.<\/h5>\n\n\n\n<div class=\"wp-block-buttons button_special is-layout-flex wp-block-buttons-is-layout-flex\">\n<div class=\"wp-block-button is-style-outline is-style-outline--1\"><a class=\"wp-block-button__link wp-element-button\" href=\"https:\/\/mdltelecom.ca\/en\/technical-support\/\">Contact us<\/a><\/div>\n<\/div>\n<\/div>\n<\/div>\n\n\n\n<div class=\"wp-block-column section_two_block_right has-custom-dark-bleu-background-color has-background is-layout-constrained wp-block-column-is-layout-constrained\">\n<div class=\"wp-block-group content_right is-layout-constrained wp-block-group-is-layout-constrained\">\n<figure class=\"wp-block-image size-full\"><img loading=\"lazy\" decoding=\"async\" width=\"84\" height=\"109\" src=\"https:\/\/mdltelecom.ca\/wp-content\/uploads\/2024\/06\/doc_6588511-copy.png\" alt=\"\" class=\"wp-image-198\"\/><\/figure>\n\n\n\n<p class=\"ita_text has-roboto-font-family\" style=\"font-size:20px;font-style:normal;font-weight:500\">Free estimate<\/p>\n\n\n\n<h5 class=\"wp-block-heading has-white-color has-text-color has-link-color wp-elements-ec25f1e50a6fdbc07a341d6d9bf04bb1\">Ready to find out how we can help you? Request a free estimate now!<\/h5>\n\n\n\n<div class=\"wp-block-buttons button_special is-layout-flex wp-block-buttons-is-layout-flex\">\n<div class=\"wp-block-button is-style-outline is-style-outline--2\"><a class=\"wp-block-button__link wp-element-button\" href=\"https:\/\/mdltelecom.ca\/en\/free-estimate\/\">Contact us<\/a><\/div>\n<\/div>\n<\/div>\n<\/div>\n<\/div>\n<\/section>\n","protected":false},"excerpt":{"rendered":"<p>To contact us Opening hours 35, Rue de Villebois Suite 100Gatineau, Quebec J8T 8J7 Tel.: 819 246-0203Toll-free: 1-866 669-4445Email: info@mdltelecom.ca Opening hours Monday to Friday: 8 a.m. to 4:30 p.m.<\/p>\n","protected":false},"author":1,"featured_media":0,"parent":0,"menu_order":0,"comment_status":"closed","ping_status":"closed","template":"","meta":{"_acf_changed":false,"inline_featured_image":false,"footnotes":""},"class_list":["post-1193","page","type-page","status-publish","hentry"],"acf":[],"yoast_head":"<!-- This site is optimized with the Yoast SEO plugin v25.2 - https:\/\/yoast.com\/wordpress\/plugins\/seo\/ -->\n<title>Contact us | MDL | Internet &amp; T\u00e9l\u00e9communication<\/title>\n<meta name=\"description\" content=\"Vous rencontrez des probl\u00e8mes techniques? Contactez-nous afin d\u2019obtenir une assistance imm\u00e9diate de notre \u00e9quipe de support.\" \/>\n<meta name=\"robots\" content=\"index, follow, max-snippet:-1, max-image-preview:large, max-video-preview:-1\" \/>\n<link rel=\"canonical\" href=\"https:\/\/mdltelecom.ca\/en\/contact-us\/\" \/>\n<meta property=\"og:locale\" content=\"en_US\" \/>\n<meta property=\"og:type\" content=\"article\" \/>\n<meta property=\"og:title\" content=\"Contact us | MDL | Internet &amp; T\u00e9l\u00e9communication\" \/>\n<meta property=\"og:description\" content=\"Vous rencontrez des probl\u00e8mes techniques? Contactez-nous afin d\u2019obtenir une assistance imm\u00e9diate de notre \u00e9quipe de support.\" \/>\n<meta property=\"og:url\" content=\"https:\/\/mdltelecom.ca\/en\/contact-us\/\" \/>\n<meta property=\"og:site_name\" content=\"MDL T\u00e9l\u00e9com\" \/>\n<meta property=\"article:modified_time\" content=\"2025-03-24T14:46:12+00:00\" \/>\n<meta property=\"og:image\" content=\"https:\/\/mdltelecom.ca\/wp-content\/uploads\/2025\/03\/MDL_Share.jpg\" \/>\n\t<meta property=\"og:image:width\" content=\"1200\" \/>\n\t<meta property=\"og:image:height\" content=\"630\" \/>\n\t<meta property=\"og:image:type\" content=\"image\/jpeg\" \/>\n<meta name=\"twitter:card\" content=\"summary_large_image\" \/>\n<meta name=\"twitter:label1\" content=\"Est. reading time\" \/>\n\t<meta name=\"twitter:data1\" content=\"1 minute\" \/>\n<script type=\"application\/ld+json\" class=\"yoast-schema-graph\">{\"@context\":\"https:\/\/schema.org\",\"@graph\":[{\"@type\":\"WebPage\",\"@id\":\"https:\/\/mdltelecom.ca\/en\/contact-us\/\",\"url\":\"https:\/\/mdltelecom.ca\/en\/contact-us\/\",\"name\":\"Contact us | MDL | Internet & T\u00e9l\u00e9communication\",\"isPartOf\":{\"@id\":\"https:\/\/mdltelecom.ca\/en\/#website\"},\"datePublished\":\"2024-06-18T19:15:43+00:00\",\"dateModified\":\"2025-03-24T14:46:12+00:00\",\"description\":\"Vous rencontrez des probl\u00e8mes techniques? Contactez-nous afin d\u2019obtenir une assistance imm\u00e9diate de notre \u00e9quipe de support.\",\"breadcrumb\":{\"@id\":\"https:\/\/mdltelecom.ca\/en\/contact-us\/#breadcrumb\"},\"inLanguage\":\"en-US\",\"potentialAction\":[{\"@type\":\"ReadAction\",\"target\":[\"https:\/\/mdltelecom.ca\/en\/contact-us\/\"]}]},{\"@type\":\"BreadcrumbList\",\"@id\":\"https:\/\/mdltelecom.ca\/en\/contact-us\/#breadcrumb\",\"itemListElement\":[{\"@type\":\"ListItem\",\"position\":1,\"name\":\"Home\",\"item\":\"https:\/\/mdltelecom.ca\/en\/\"},{\"@type\":\"ListItem\",\"position\":2,\"name\":\"Contact us\"}]},{\"@type\":\"WebSite\",\"@id\":\"https:\/\/mdltelecom.ca\/en\/#website\",\"url\":\"https:\/\/mdltelecom.ca\/en\/\",\"name\":\"MDL T\u00e9l\u00e9com\",\"description\":\"Internet &amp; T\u00e9l\u00e9communication Gatineau - Ottawa\",\"publisher\":{\"@id\":\"https:\/\/mdltelecom.ca\/en\/#organization\"},\"potentialAction\":[{\"@type\":\"SearchAction\",\"target\":{\"@type\":\"EntryPoint\",\"urlTemplate\":\"https:\/\/mdltelecom.ca\/en\/?s={search_term_string}\"},\"query-input\":{\"@type\":\"PropertyValueSpecification\",\"valueRequired\":true,\"valueName\":\"search_term_string\"}}],\"inLanguage\":\"en-US\"},{\"@type\":\"Organization\",\"@id\":\"https:\/\/mdltelecom.ca\/en\/#organization\",\"name\":\"MDL T\u00e9l\u00e9com\",\"url\":\"https:\/\/mdltelecom.ca\/en\/\",\"logo\":{\"@type\":\"ImageObject\",\"inLanguage\":\"en-US\",\"@id\":\"https:\/\/mdltelecom.ca\/en\/#\/schema\/logo\/image\/\",\"url\":\"https:\/\/mdltelecom.ca\/wp-content\/uploads\/2024\/06\/logomdl.svg\",\"contentUrl\":\"https:\/\/mdltelecom.ca\/wp-content\/uploads\/2024\/06\/logomdl.svg\",\"caption\":\"MDL T\u00e9l\u00e9com\"},\"image\":{\"@id\":\"https:\/\/mdltelecom.ca\/en\/#\/schema\/logo\/image\/\"}}]}<\/script>\n<!-- \/ Yoast SEO plugin. -->","yoast_head_json":{"title":"Contact us | MDL | Internet & T\u00e9l\u00e9communication","description":"Vous rencontrez des probl\u00e8mes techniques? Contactez-nous afin d\u2019obtenir une assistance imm\u00e9diate de notre \u00e9quipe de support.","robots":{"index":"index","follow":"follow","max-snippet":"max-snippet:-1","max-image-preview":"max-image-preview:large","max-video-preview":"max-video-preview:-1"},"canonical":"https:\/\/mdltelecom.ca\/en\/contact-us\/","og_locale":"en_US","og_type":"article","og_title":"Contact us | MDL | Internet & T\u00e9l\u00e9communication","og_description":"Vous rencontrez des probl\u00e8mes techniques? Contactez-nous afin d\u2019obtenir une assistance imm\u00e9diate de notre \u00e9quipe de support.","og_url":"https:\/\/mdltelecom.ca\/en\/contact-us\/","og_site_name":"MDL T\u00e9l\u00e9com","article_modified_time":"2025-03-24T14:46:12+00:00","og_image":[{"width":1200,"height":630,"url":"https:\/\/mdltelecom.ca\/wp-content\/uploads\/2025\/03\/MDL_Share.jpg","type":"image\/jpeg"}],"twitter_card":"summary_large_image","twitter_misc":{"Est. reading time":"1 minute"},"schema":{"@context":"https:\/\/schema.org","@graph":[{"@type":"WebPage","@id":"https:\/\/mdltelecom.ca\/en\/contact-us\/","url":"https:\/\/mdltelecom.ca\/en\/contact-us\/","name":"Contact us | MDL | Internet & T\u00e9l\u00e9communication","isPartOf":{"@id":"https:\/\/mdltelecom.ca\/en\/#website"},"datePublished":"2024-06-18T19:15:43+00:00","dateModified":"2025-03-24T14:46:12+00:00","description":"Vous rencontrez des probl\u00e8mes techniques? Contactez-nous afin d\u2019obtenir une assistance imm\u00e9diate de notre \u00e9quipe de support.","breadcrumb":{"@id":"https:\/\/mdltelecom.ca\/en\/contact-us\/#breadcrumb"},"inLanguage":"en-US","potentialAction":[{"@type":"ReadAction","target":["https:\/\/mdltelecom.ca\/en\/contact-us\/"]}]},{"@type":"BreadcrumbList","@id":"https:\/\/mdltelecom.ca\/en\/contact-us\/#breadcrumb","itemListElement":[{"@type":"ListItem","position":1,"name":"Home","item":"https:\/\/mdltelecom.ca\/en\/"},{"@type":"ListItem","position":2,"name":"Contact us"}]},{"@type":"WebSite","@id":"https:\/\/mdltelecom.ca\/en\/#website","url":"https:\/\/mdltelecom.ca\/en\/","name":"MDL T\u00e9l\u00e9com","description":"Internet &amp; T\u00e9l\u00e9communication Gatineau - Ottawa","publisher":{"@id":"https:\/\/mdltelecom.ca\/en\/#organization"},"potentialAction":[{"@type":"SearchAction","target":{"@type":"EntryPoint","urlTemplate":"https:\/\/mdltelecom.ca\/en\/?s={search_term_string}"},"query-input":{"@type":"PropertyValueSpecification","valueRequired":true,"valueName":"search_term_string"}}],"inLanguage":"en-US"},{"@type":"Organization","@id":"https:\/\/mdltelecom.ca\/en\/#organization","name":"MDL T\u00e9l\u00e9com","url":"https:\/\/mdltelecom.ca\/en\/","logo":{"@type":"ImageObject","inLanguage":"en-US","@id":"https:\/\/mdltelecom.ca\/en\/#\/schema\/logo\/image\/","url":"https:\/\/mdltelecom.ca\/wp-content\/uploads\/2024\/06\/logomdl.svg","contentUrl":"https:\/\/mdltelecom.ca\/wp-content\/uploads\/2024\/06\/logomdl.svg","caption":"MDL T\u00e9l\u00e9com"},"image":{"@id":"https:\/\/mdltelecom.ca\/en\/#\/schema\/logo\/image\/"}}]}},"featured_image_src":null,"featured_image_src_square":null,"_links":{"self":[{"href":"https:\/\/mdltelecom.ca\/en\/wp-json\/wp\/v2\/pages\/1193","targetHints":{"allow":["GET"]}}],"collection":[{"href":"https:\/\/mdltelecom.ca\/en\/wp-json\/wp\/v2\/pages"}],"about":[{"href":"https:\/\/mdltelecom.ca\/en\/wp-json\/wp\/v2\/types\/page"}],"author":[{"embeddable":true,"href":"https:\/\/mdltelecom.ca\/en\/wp-json\/wp\/v2\/users\/1"}],"replies":[{"embeddable":true,"href":"https:\/\/mdltelecom.ca\/en\/wp-json\/wp\/v2\/comments?post=1193"}],"version-history":[{"count":5,"href":"https:\/\/mdltelecom.ca\/en\/wp-json\/wp\/v2\/pages\/1193\/revisions"}],"predecessor-version":[{"id":1335,"href":"https:\/\/mdltelecom.ca\/en\/wp-json\/wp\/v2\/pages\/1193\/revisions\/1335"}],"wp:attachment":[{"href":"https:\/\/mdltelecom.ca\/en\/wp-json\/wp\/v2\/media?parent=1193"}],"curies":[{"name":"wp","href":"https:\/\/api.w.org\/{rel}","templated":true}]}}