{"id":1194,"date":"2024-06-18T19:15:59","date_gmt":"2024-06-18T19:15:59","guid":{"rendered":"https:\/\/mdltelecom.ca\/partenaires-certifies\/"},"modified":"2025-11-19T18:19:56","modified_gmt":"2025-11-19T18:19:56","slug":"certified-partners","status":"publish","type":"page","link":"https:\/\/mdltelecom.ca\/en\/certified-partners\/","title":{"rendered":"Certified partners"},"content":{"rendered":"<section class=\"hero_pages alignfull wp-block-acf-hero-pages\">\n        <div class=\"banner_allpages parallax-img-v2\">\n\n        <img decoding=\"async\" src=\"https:\/\/mdltelecom.ca\/wp-content\/uploads\/2024\/06\/image3-1-copy.jpg\" alt=\"\" \/>\n\n        <div class=\"title_bars\">\n            <div class=\"title_bar\">\n                <h3>Certified partners<\/h3>\n            <\/div>\n            <!-- <div class=\"bar_white\"><\/div> -->\n        <\/div>\n    <\/div>\n    <\/section>\n\n\n<div class=\"wp-block-group alignfull content_single_service is-layout-constrained wp-block-group-is-layout-constrained\" id=\"begin_to_read\">\n<div class=\"wp-block-group content_inside is-layout-constrained wp-block-group-is-layout-constrained\">\n<h3 class=\"wp-block-heading\"><strong>We work with the best in their field<\/strong><\/h3>\n\n\n\n<p class=\"more_padding\">MDL Telecom relies on a network of certified partners among the world&#8217;s most innovative manufacturers. These strategic collaborations allow us to offer cutting-edge technological solutions that meet our customers&#8217; highest standards. Through these partnerships, we benefit from privileged access to superior products and services while remaining at the forefront of technological advances. Together with our partners, we build reliable and sustainable solutions that support our customers&#8217; long-term success.<\/p>\n<\/div>\n<\/div>\n\n\n\n<section class=\"wp-block-group alignfull container_clients is-layout-constrained wp-block-group-is-layout-constrained\"><div class=\"clients align wp-block-acf-clients\">\n\n    <div class=\"logos_clients\">\n        \n                        <picture class=\"image_wrapper\">\n            <img decoding=\"async\" src=\"https:\/\/mdltelecom.ca\/wp-content\/uploads\/2024\/06\/image3.png\" alt=\"\" \/>\n        <\/picture>\n\n                                <picture class=\"image_wrapper\">\n            <img decoding=\"async\" src=\"https:\/\/mdltelecom.ca\/wp-content\/uploads\/2024\/10\/grandstream-logo-B3E0045A50-seeklogo.com_.png\" alt=\"\" \/>\n        <\/picture>\n\n                                <picture class=\"image_wrapper\">\n            <img decoding=\"async\" src=\"https:\/\/mdltelecom.ca\/wp-content\/uploads\/2024\/10\/panasonic-logo-design-history-and-evolution-kreafolk_e22aef50-03d3-44ad-9c51-839d87728434.webp\" alt=\"\" \/>\n        <\/picture>\n\n                                <picture class=\"image_wrapper\">\n            <img decoding=\"async\" src=\"https:\/\/mdltelecom.ca\/wp-content\/uploads\/2024\/10\/toshiba-1.svg\" alt=\"\" \/>\n        <\/picture>\n\n                                <picture class=\"image_wrapper\">\n            <img decoding=\"async\" src=\"https:\/\/mdltelecom.ca\/wp-content\/uploads\/2025\/03\/superior-essex-logo-2c-copy.png\" alt=\"\" \/>\n        <\/picture>\n\n                                <picture class=\"image_wrapper\">\n            <img decoding=\"async\" src=\"https:\/\/mdltelecom.ca\/wp-content\/uploads\/2024\/10\/panduit-vector-logo.png\" alt=\"\" \/>\n        <\/picture>\n\n                                <picture class=\"image_wrapper\">\n            <img decoding=\"async\" src=\"https:\/\/mdltelecom.ca\/wp-content\/uploads\/2024\/06\/image1.png\" alt=\"\" \/>\n        <\/picture>\n\n                                <picture class=\"image_wrapper\">\n            <img decoding=\"async\" src=\"https:\/\/mdltelecom.ca\/wp-content\/uploads\/2025\/03\/04IooGwvSVH6oe7N3425hZV-7.fit_lim.size_1050x591.v1569472389.jpg\" alt=\"\" \/>\n        <\/picture>\n\n                                <picture class=\"image_wrapper\">\n            <img decoding=\"async\" src=\"https:\/\/mdltelecom.ca\/wp-content\/uploads\/2025\/11\/logo.png\" alt=\"\" \/>\n        <\/picture>\n\n                \n            <\/div>\n<\/div><\/section>\n","protected":false},"excerpt":{"rendered":"<p>We work with the best in their field MDL Telecom relies on a network of certified partners among the world&#8217;s most innovative manufacturers. These strategic collaborations allow us to offer cutting-edge technological solutions that meet our customers&#8217; highest standards. Through these partnerships, we benefit from privileged access to superior products and services while remaining at [&hellip;]<\/p>\n","protected":false},"author":1,"featured_media":0,"parent":0,"menu_order":0,"comment_status":"closed","ping_status":"closed","template":"","meta":{"_acf_changed":false,"inline_featured_image":false,"footnotes":""},"class_list":["post-1194","page","type-page","status-publish","hentry"],"acf":[],"yoast_head":"<!-- This site is optimized with the Yoast SEO plugin v25.2 - https:\/\/yoast.com\/wordpress\/plugins\/seo\/ -->\n<title>Certified partners | MDL | Internet &amp; T\u00e9l\u00e9communication<\/title>\n<meta name=\"description\" content=\"MDL Telecom s\u2019appuie sur un r\u00e9seau de partenaires certifi\u00e9s parmi les manufacturiers les plus innovants au monde.\" \/>\n<meta name=\"robots\" content=\"index, follow, max-snippet:-1, max-image-preview:large, max-video-preview:-1\" \/>\n<link rel=\"canonical\" href=\"https:\/\/mdltelecom.ca\/en\/certified-partners\/\" \/>\n<meta property=\"og:locale\" content=\"en_US\" \/>\n<meta property=\"og:type\" content=\"article\" \/>\n<meta property=\"og:title\" content=\"Certified partners | MDL | Internet &amp; T\u00e9l\u00e9communication\" \/>\n<meta property=\"og:description\" content=\"MDL Telecom s\u2019appuie sur un r\u00e9seau de partenaires certifi\u00e9s parmi les manufacturiers les plus innovants au monde.\" \/>\n<meta property=\"og:url\" content=\"https:\/\/mdltelecom.ca\/en\/certified-partners\/\" \/>\n<meta property=\"og:site_name\" content=\"MDL T\u00e9l\u00e9com\" \/>\n<meta property=\"article:modified_time\" content=\"2025-11-19T18:19:56+00:00\" \/>\n<meta property=\"og:image\" content=\"https:\/\/mdltelecom.ca\/wp-content\/uploads\/2025\/03\/MDL_Share.jpg\" \/>\n\t<meta property=\"og:image:width\" content=\"1200\" \/>\n\t<meta property=\"og:image:height\" content=\"630\" \/>\n\t<meta property=\"og:image:type\" content=\"image\/jpeg\" \/>\n<meta name=\"twitter:card\" content=\"summary_large_image\" \/>\n<meta name=\"twitter:label1\" content=\"Est. reading time\" \/>\n\t<meta name=\"twitter:data1\" content=\"1 minute\" \/>\n<script type=\"application\/ld+json\" class=\"yoast-schema-graph\">{\"@context\":\"https:\/\/schema.org\",\"@graph\":[{\"@type\":\"WebPage\",\"@id\":\"https:\/\/mdltelecom.ca\/en\/certified-partners\/\",\"url\":\"https:\/\/mdltelecom.ca\/en\/certified-partners\/\",\"name\":\"Certified partners | MDL | Internet & T\u00e9l\u00e9communication\",\"isPartOf\":{\"@id\":\"https:\/\/mdltelecom.ca\/en\/#website\"},\"datePublished\":\"2024-06-18T19:15:59+00:00\",\"dateModified\":\"2025-11-19T18:19:56+00:00\",\"description\":\"MDL Telecom s\u2019appuie sur un r\u00e9seau de partenaires certifi\u00e9s parmi les manufacturiers les plus innovants au monde.\",\"breadcrumb\":{\"@id\":\"https:\/\/mdltelecom.ca\/en\/certified-partners\/#breadcrumb\"},\"inLanguage\":\"en-US\",\"potentialAction\":[{\"@type\":\"ReadAction\",\"target\":[\"https:\/\/mdltelecom.ca\/en\/certified-partners\/\"]}]},{\"@type\":\"BreadcrumbList\",\"@id\":\"https:\/\/mdltelecom.ca\/en\/certified-partners\/#breadcrumb\",\"itemListElement\":[{\"@type\":\"ListItem\",\"position\":1,\"name\":\"Home\",\"item\":\"https:\/\/mdltelecom.ca\/en\/\"},{\"@type\":\"ListItem\",\"position\":2,\"name\":\"Certified partners\"}]},{\"@type\":\"WebSite\",\"@id\":\"https:\/\/mdltelecom.ca\/en\/#website\",\"url\":\"https:\/\/mdltelecom.ca\/en\/\",\"name\":\"MDL T\u00e9l\u00e9com\",\"description\":\"Internet &amp; T\u00e9l\u00e9communication Gatineau - Ottawa\",\"publisher\":{\"@id\":\"https:\/\/mdltelecom.ca\/en\/#organization\"},\"potentialAction\":[{\"@type\":\"SearchAction\",\"target\":{\"@type\":\"EntryPoint\",\"urlTemplate\":\"https:\/\/mdltelecom.ca\/en\/?s={search_term_string}\"},\"query-input\":{\"@type\":\"PropertyValueSpecification\",\"valueRequired\":true,\"valueName\":\"search_term_string\"}}],\"inLanguage\":\"en-US\"},{\"@type\":\"Organization\",\"@id\":\"https:\/\/mdltelecom.ca\/en\/#organization\",\"name\":\"MDL T\u00e9l\u00e9com\",\"url\":\"https:\/\/mdltelecom.ca\/en\/\",\"logo\":{\"@type\":\"ImageObject\",\"inLanguage\":\"en-US\",\"@id\":\"https:\/\/mdltelecom.ca\/en\/#\/schema\/logo\/image\/\",\"url\":\"https:\/\/mdltelecom.ca\/wp-content\/uploads\/2024\/06\/logomdl.svg\",\"contentUrl\":\"https:\/\/mdltelecom.ca\/wp-content\/uploads\/2024\/06\/logomdl.svg\",\"caption\":\"MDL T\u00e9l\u00e9com\"},\"image\":{\"@id\":\"https:\/\/mdltelecom.ca\/en\/#\/schema\/logo\/image\/\"}}]}<\/script>\n<!-- \/ Yoast SEO plugin. -->","yoast_head_json":{"title":"Certified partners | MDL | Internet & T\u00e9l\u00e9communication","description":"MDL Telecom s\u2019appuie sur un r\u00e9seau de partenaires certifi\u00e9s parmi les manufacturiers les plus innovants au monde.","robots":{"index":"index","follow":"follow","max-snippet":"max-snippet:-1","max-image-preview":"max-image-preview:large","max-video-preview":"max-video-preview:-1"},"canonical":"https:\/\/mdltelecom.ca\/en\/certified-partners\/","og_locale":"en_US","og_type":"article","og_title":"Certified partners | MDL | Internet & T\u00e9l\u00e9communication","og_description":"MDL Telecom s\u2019appuie sur un r\u00e9seau de partenaires certifi\u00e9s parmi les manufacturiers les plus innovants au monde.","og_url":"https:\/\/mdltelecom.ca\/en\/certified-partners\/","og_site_name":"MDL T\u00e9l\u00e9com","article_modified_time":"2025-11-19T18:19:56+00:00","og_image":[{"width":1200,"height":630,"url":"https:\/\/mdltelecom.ca\/wp-content\/uploads\/2025\/03\/MDL_Share.jpg","type":"image\/jpeg"}],"twitter_card":"summary_large_image","twitter_misc":{"Est. reading time":"1 minute"},"schema":{"@context":"https:\/\/schema.org","@graph":[{"@type":"WebPage","@id":"https:\/\/mdltelecom.ca\/en\/certified-partners\/","url":"https:\/\/mdltelecom.ca\/en\/certified-partners\/","name":"Certified partners | MDL | Internet & T\u00e9l\u00e9communication","isPartOf":{"@id":"https:\/\/mdltelecom.ca\/en\/#website"},"datePublished":"2024-06-18T19:15:59+00:00","dateModified":"2025-11-19T18:19:56+00:00","description":"MDL Telecom s\u2019appuie sur un r\u00e9seau de partenaires certifi\u00e9s parmi les manufacturiers les plus innovants au monde.","breadcrumb":{"@id":"https:\/\/mdltelecom.ca\/en\/certified-partners\/#breadcrumb"},"inLanguage":"en-US","potentialAction":[{"@type":"ReadAction","target":["https:\/\/mdltelecom.ca\/en\/certified-partners\/"]}]},{"@type":"BreadcrumbList","@id":"https:\/\/mdltelecom.ca\/en\/certified-partners\/#breadcrumb","itemListElement":[{"@type":"ListItem","position":1,"name":"Home","item":"https:\/\/mdltelecom.ca\/en\/"},{"@type":"ListItem","position":2,"name":"Certified partners"}]},{"@type":"WebSite","@id":"https:\/\/mdltelecom.ca\/en\/#website","url":"https:\/\/mdltelecom.ca\/en\/","name":"MDL T\u00e9l\u00e9com","description":"Internet &amp; T\u00e9l\u00e9communication Gatineau - Ottawa","publisher":{"@id":"https:\/\/mdltelecom.ca\/en\/#organization"},"potentialAction":[{"@type":"SearchAction","target":{"@type":"EntryPoint","urlTemplate":"https:\/\/mdltelecom.ca\/en\/?s={search_term_string}"},"query-input":{"@type":"PropertyValueSpecification","valueRequired":true,"valueName":"search_term_string"}}],"inLanguage":"en-US"},{"@type":"Organization","@id":"https:\/\/mdltelecom.ca\/en\/#organization","name":"MDL T\u00e9l\u00e9com","url":"https:\/\/mdltelecom.ca\/en\/","logo":{"@type":"ImageObject","inLanguage":"en-US","@id":"https:\/\/mdltelecom.ca\/en\/#\/schema\/logo\/image\/","url":"https:\/\/mdltelecom.ca\/wp-content\/uploads\/2024\/06\/logomdl.svg","contentUrl":"https:\/\/mdltelecom.ca\/wp-content\/uploads\/2024\/06\/logomdl.svg","caption":"MDL T\u00e9l\u00e9com"},"image":{"@id":"https:\/\/mdltelecom.ca\/en\/#\/schema\/logo\/image\/"}}]}},"featured_image_src":null,"featured_image_src_square":null,"_links":{"self":[{"href":"https:\/\/mdltelecom.ca\/en\/wp-json\/wp\/v2\/pages\/1194","targetHints":{"allow":["GET"]}}],"collection":[{"href":"https:\/\/mdltelecom.ca\/en\/wp-json\/wp\/v2\/pages"}],"about":[{"href":"https:\/\/mdltelecom.ca\/en\/wp-json\/wp\/v2\/types\/page"}],"author":[{"embeddable":true,"href":"https:\/\/mdltelecom.ca\/en\/wp-json\/wp\/v2\/users\/1"}],"replies":[{"embeddable":true,"href":"https:\/\/mdltelecom.ca\/en\/wp-json\/wp\/v2\/comments?post=1194"}],"version-history":[{"count":4,"href":"https:\/\/mdltelecom.ca\/en\/wp-json\/wp\/v2\/pages\/1194\/revisions"}],"predecessor-version":[{"id":1409,"href":"https:\/\/mdltelecom.ca\/en\/wp-json\/wp\/v2\/pages\/1194\/revisions\/1409"}],"wp:attachment":[{"href":"https:\/\/mdltelecom.ca\/en\/wp-json\/wp\/v2\/media?parent=1194"}],"curies":[{"name":"wp","href":"https:\/\/api.w.org\/{rel}","templated":true}]}}