{"id":1196,"date":"2024-06-18T19:34:34","date_gmt":"2024-06-18T19:34:34","guid":{"rendered":"https:\/\/mdltelecom.ca\/carrieres\/"},"modified":"2025-03-24T14:37:48","modified_gmt":"2025-03-24T14:37:48","slug":"career","status":"publish","type":"page","link":"https:\/\/mdltelecom.ca\/en\/career\/","title":{"rendered":"Career"},"content":{"rendered":"<section class=\"hero_pages alignfull wp-block-acf-hero-pages\">\n        <div class=\"banner_allpages parallax-img-v2\">\n\n        <img decoding=\"async\" src=\"https:\/\/mdltelecom.ca\/wp-content\/uploads\/2024\/06\/Depositphotos_211231258_XL-copy-scaled.jpg\" alt=\"\" \/>\n\n        <div class=\"title_bars\">\n            <div class=\"title_bar\">\n                <h3>Career<\/h3>\n            <\/div>\n            <!-- <div class=\"bar_white\"><\/div> -->\n        <\/div>\n    <\/div>\n    <\/section>\n\n\n<div class=\"wp-block-group alignfull content_single_service is-layout-constrained wp-block-group-is-layout-constrained\" id=\"begin_to_read\">\n<div class=\"wp-block-group content_inside is-layout-constrained wp-block-group-is-layout-constrained\">\n<h3 class=\"wp-block-heading\">Be an integral part of<br>MDL Telecom&#8217;s success!<\/h3>\n\n\n\n<p class=\"more_padding\">Looking for a stimulating career in the telecommunications sector in Gatineau and Ottawa, MDL Telecom is always looking for new, dynamic candidates to join its team. Candidates will be involved in our clients&#8217; telecommunications and network infrastructures. Candidates must have telecommunications experience and social skills that will help them serve our customers effectively.<\/p>\n\n\n\n<h5 class=\"wp-block-heading has-custom-bleu-color has-text-color has-link-color wp-elements-46bd8260be69ba2f4656f3691a71368f\">Our advantages<\/h5>\n\n\n\n<ul class=\"wp-block-list\">\n<li>Group insurance program<\/li>\n\n\n\n<li>Non-routine work<\/li>\n\n\n\n<li>Continuing education offer<\/li>\n\n\n\n<li>Numerous technological challenges<\/li>\n\n\n\n<li>Good remuneration according to skills and responsibilities<\/li>\n\n\n\n<li>Several Team Building activities<\/li>\n<\/ul>\n<\/div>\n<\/div>\n\n\n\n<section class=\"wp-block-group alignfull section_postes_de_travail is-layout-constrained wp-block-group-is-layout-constrained\"><div class=\"postes_travail align wp-block-acf-postes\">\n    <div class=\"wrapper_postes_travail\">\n        \n\n        <p>Thank you for your interest in our organization.<\/p>\n<p>We currently have no openings. However, we are always looking for exceptional talent to join our team. We encourage you to check this page regularly for future opportunities.<\/p>\n<p>In the meantime, please do not hesitate to contact us so that we can keep your application in our database for future references.<\/p>\n\n                <div class=\"wp-block-buttons button_special is-layout-flex wp-block-buttons-is-layout-flex\">\n            <div class=\"wp-block-button is-style-outline is-style-outline--9ff2d9f65ef8947ce99512f8c967cead\"><a\n                    class=\"wp-block-button__link wp-element-button\" href=\"https:\/\/mdltelecom.ca\/en\/nous-joindre\/\" target=\"_self\" rel=\"noopener noreferrer\">Contact us<\/a>\n            <\/div>\n        <\/div>\n        \n            <\/div>\n<\/div><\/section>\n\n\n\n<div class=\"wp-block-group alignfull content_single_service is-layout-flow wp-block-group-is-layout-flow\" id=\"begin_to_read\">\n<div class=\"wp-block-group content_inside is-layout-constrained wp-block-group-is-layout-constrained\">\n<div class=\"wp-block-group is-layout-constrained wp-block-group-is-layout-constrained\">\n<h3 class=\"wp-block-heading\"><strong>Unsolicited application<\/strong><\/h3>\n\n\n\n<p class=\"more_padding\">We&#8217;re always looking for passionate talent to join our team. Whether you&#8217;re an expert in telecommunications, customer service, or looking for a new challenge, don&#8217;t hesitate to send us your unsolicited application. Tell us about your background and ambitions, and let&#8217;s see how we can build the future together.<\/p>\n<\/div>\n<\/div>\n<\/div>\n\n\n\n<section class=\"wp-block-group alignfull back_image_content_v2 v2 is-layout-constrained wp-block-group-is-layout-constrained\">\n<div class=\"wp-block-group content_bg_form has-custom-blanc-background-color has-background is-layout-constrained wp-block-group-is-layout-constrained\">\n<div class=\"wpcf7 no-js\" id=\"wpcf7-f1267-o1\" lang=\"en-US\" dir=\"ltr\" data-wpcf7-id=\"1267\">\n<div class=\"screen-reader-response\"><p role=\"status\" aria-live=\"polite\" aria-atomic=\"true\"><\/p> <ul><\/ul><\/div>\n<form action=\"\/en\/wp-json\/wp\/v2\/pages\/1196#wpcf7-f1267-o1\" method=\"post\" class=\"wpcf7-form init form contact-form\" aria-label=\"Contact form\" enctype=\"multipart\/form-data\" novalidate=\"novalidate\" data-status=\"init\">\n<div style=\"display: none;\">\n<input type=\"hidden\" name=\"_wpcf7\" value=\"1267\" \/>\n<input type=\"hidden\" name=\"_wpcf7_version\" value=\"6.0.6\" \/>\n<input type=\"hidden\" name=\"_wpcf7_locale\" value=\"en_US\" \/>\n<input type=\"hidden\" name=\"_wpcf7_unit_tag\" value=\"wpcf7-f1267-o1\" \/>\n<input type=\"hidden\" name=\"_wpcf7_container_post\" value=\"0\" \/>\n<input type=\"hidden\" name=\"_wpcf7_posted_data_hash\" value=\"\" \/>\n<input type=\"hidden\" name=\"_wpcf7_recaptcha_response\" value=\"\" \/>\n<\/div>\n<span class=\"wpcf7-form-control-wrap\" data-name=\"nom\"><input size=\"40\" maxlength=\"400\" class=\"wpcf7-form-control wpcf7-text wpcf7-validates-as-required name\" id=\"name\" aria-required=\"true\" aria-invalid=\"false\" placeholder=\"Last name\" value=\"\" type=\"text\" name=\"nom\" \/><\/span>\n<span class=\"wpcf7-form-control-wrap\" data-name=\"prenom\"><input size=\"40\" maxlength=\"400\" class=\"wpcf7-form-control wpcf7-text wpcf7-validates-as-required prenom\" id=\"prenom\" aria-required=\"true\" aria-invalid=\"false\" placeholder=\"First name\" value=\"\" type=\"text\" name=\"prenom\" \/><\/span>\n<span class=\"wpcf7-form-control-wrap\" data-name=\"email\"><input size=\"40\" maxlength=\"400\" class=\"wpcf7-form-control wpcf7-email wpcf7-text wpcf7-validates-as-email email\" id=\"email\" aria-invalid=\"false\" placeholder=\"Email\" value=\"\" type=\"email\" name=\"email\" \/><\/span>\n\n<span class=\"wpcf7-form-control-wrap\" data-name=\"CV\"><input size=\"40\" class=\"wpcf7-form-control wpcf7-file wpcf7-validates-as-required\" accept=\"audio\/*,video\/*,image\/*\" aria-required=\"true\" aria-invalid=\"false\" type=\"file\" name=\"CV\" \/><\/span>\n\n<div class=\"submit_form\"><input class=\"wpcf7-form-control wpcf7-submit has-spinner send_email\" id=\"send_email\" type=\"submit\" value=\"Send\" \/> <svg xmlns=\"http:\/\/www.w3.org\/2000\/svg\" viewBox=\"0 0 187.44 80.75\"> \n  <g>\n    <path d=\"M4.47,44.09l167.66.92-28.54,28.03c-1.78,1.75-1.79,4.58-.06,6.36,1.75,1.78,4.6,1.79,6.36.06l36.2-35.54c1.78-1.75,1.79-4.58.06-6.36L150.62,1.34C149.75.45,148.59,0,147.44,0s-2.3.42-3.18,1.3c-1.78,1.74-1.81,4.58-.06,6.36l27.84,28.36-167.52-.92C2.04,35.09.01,37.09,0,39.57s1.99,4.5,4.48,4.51h0Z\"\/>\n  <\/g>\n<\/svg><\/div><div class=\"wpcf7-response-output\" aria-hidden=\"true\"><\/div>\n<\/form>\n<\/div>\n\n<\/div>\n<\/section>\n\n\n\n<section class=\"wp-block-group alignfull container_carousel is-layout-constrained wp-block-group-is-layout-constrained\"><div class=\"carrousel align wp-block-acf-carrousel\">\n    <!-- Additional required wrapper -->\n    <div class=\"wrapper_buttons_slider\">\n        <h6>\n            Discover the MDL universe in pictures!        <\/h6>\n\n        <hr>\n\n        <div class=\"buttonDiv\">\n            <!-- If we need navigation buttons -->\n            <div class=\"swiper-button-prev\">\n                <div class=\"circle_container\">\n                    <svg id=\"Calque_2\" xmlns=\"http:\/\/www.w3.org\/2000\/svg\" viewBox=\"0 0 202.76 202.76\">\n                        <g id=\"Layer_1\">\n                            <path class=\"cls-2\"\n                                d=\"M90.4,101.43c0-2.14.76-4.2,2.21-5.68l17.42-18.43c1.24-1.33,1.24-3.39,0-4.72s-3.18-1.33-4.42,0l-24.89,26.32c-1.24,1.33-1.24,3.39,0,4.72l24.68,26.54c.62.66,1.38.96,2.21.96.76,0,1.59-.29,2.21-.96,1.24-1.25,1.24-3.39,0-4.72l-17.22-18.5c-1.45-1.47-2.21-3.46-2.21-5.53h0Z\" \/>\n                        <\/g>\n                    <\/svg>\n                <\/div>\n            <\/div>\n            <div class=\"swiper-button-next\">\n                <div class=\"circle_container\">\n                    <svg id=\"Calque_2\" xmlns=\"http:\/\/www.w3.org\/2000\/svg\" viewBox=\"0 0 202.76 202.76\">\n                        <g id=\"Layer_1\">\n                            <path class=\"cls-2\"\n                                d=\"M106.36,101.4c0,2.14-.76,4.2-2.21,5.68l-17.42,18.43c-1.24,1.33-1.24,3.39,0,4.72s3.18,1.33,4.42,0l24.89-26.32c1.24-1.33,1.24-3.39,0-4.72l-24.68-26.54c-.62-.66-1.38-.96-2.21-.96-.76,0-1.59.29-2.21.96-1.24,1.25-1.24,3.39,0,4.72l17.22,18.5c1.45,1.47,2.21,3.46,2.21,5.53h0Z\" \/>\n                        <\/g>\n                    <\/svg>\n                <\/div>\n            <\/div>\n        <\/div>\n    <\/div>\n\n        <div class=\"swiper content-slider-images\">\n        <div class=\"swiper-wrapper\">\n            <!-- Slides originales -->\n                        <div class=\"swiper-slide\">\n                <div class=\"serviceBlock\">\n                    <div class=\"imageP\" data-swiper-parallax=\"-100\">\n                                                <img decoding=\"async\" src=\"https:\/\/mdltelecom.ca\/wp-content\/uploads\/2024\/11\/404103014_731490949003679_3963916672259666969_n67.jpg\" alt=\"\" \/>\n                                            <\/div>\n                    <div class=\"innerContent\">\n                        <h2>\n                                                    <\/h2>\n                    <\/div>\n                <\/div>\n            <\/div>\n                        <div class=\"swiper-slide\">\n                <div class=\"serviceBlock\">\n                    <div class=\"imageP\" data-swiper-parallax=\"-100\">\n                                                <img decoding=\"async\" src=\"https:\/\/mdltelecom.ca\/wp-content\/uploads\/2024\/11\/451740866_879035957582510_7752956264511092257_n15.jpg\" alt=\"\" \/>\n                                            <\/div>\n                    <div class=\"innerContent\">\n                        <h2>\n                                                    <\/h2>\n                    <\/div>\n                <\/div>\n            <\/div>\n                        <div class=\"swiper-slide\">\n                <div class=\"serviceBlock\">\n                    <div class=\"imageP\" data-swiper-parallax=\"-100\">\n                                                <img decoding=\"async\" src=\"https:\/\/mdltelecom.ca\/wp-content\/uploads\/2024\/11\/Plan80-scaled.jpg\" alt=\"\" \/>\n                                            <\/div>\n                    <div class=\"innerContent\">\n                        <h2>\n                                                    <\/h2>\n                    <\/div>\n                <\/div>\n            <\/div>\n                        <div class=\"swiper-slide\">\n                <div class=\"serviceBlock\">\n                    <div class=\"imageP\" data-swiper-parallax=\"-100\">\n                                                <img decoding=\"async\" src=\"https:\/\/mdltelecom.ca\/wp-content\/uploads\/2024\/11\/449768370_868652141954225_6043152420880639079_n23.jpg\" alt=\"\" \/>\n                                            <\/div>\n                    <div class=\"innerContent\">\n                        <h2>\n                                                    <\/h2>\n                    <\/div>\n                <\/div>\n            <\/div>\n            \n                        <div class=\"swiper-slide\">\n                <div class=\"serviceBlock\">\n                    <div class=\"imageP\" data-swiper-parallax=\"-100\">\n                                                <img decoding=\"async\" src=\"https:\/\/mdltelecom.ca\/wp-content\/uploads\/2024\/11\/404103014_731490949003679_3963916672259666969_n67.jpg\" alt=\"\" \/>\n                                            <\/div>\n                    <div class=\"innerContent\">\n                        <h2>\n                                                    <\/h2>\n                    <\/div>\n                <\/div>\n            <\/div>\n                        <div class=\"swiper-slide\">\n                <div class=\"serviceBlock\">\n                    <div class=\"imageP\" data-swiper-parallax=\"-100\">\n                                                <img decoding=\"async\" src=\"https:\/\/mdltelecom.ca\/wp-content\/uploads\/2024\/11\/451740866_879035957582510_7752956264511092257_n15.jpg\" alt=\"\" \/>\n                                            <\/div>\n                    <div class=\"innerContent\">\n                        <h2>\n                                                    <\/h2>\n                    <\/div>\n                <\/div>\n            <\/div>\n                        <div class=\"swiper-slide\">\n                <div class=\"serviceBlock\">\n                    <div class=\"imageP\" data-swiper-parallax=\"-100\">\n                                                <img decoding=\"async\" src=\"https:\/\/mdltelecom.ca\/wp-content\/uploads\/2024\/11\/Plan80-scaled.jpg\" alt=\"\" \/>\n                                            <\/div>\n                    <div class=\"innerContent\">\n                        <h2>\n                                                    <\/h2>\n                    <\/div>\n                <\/div>\n            <\/div>\n                        <div class=\"swiper-slide\">\n                <div class=\"serviceBlock\">\n                    <div class=\"imageP\" data-swiper-parallax=\"-100\">\n                                                <img decoding=\"async\" src=\"https:\/\/mdltelecom.ca\/wp-content\/uploads\/2024\/11\/449768370_868652141954225_6043152420880639079_n23.jpg\" alt=\"\" \/>\n                                            <\/div>\n                    <div class=\"innerContent\">\n                        <h2>\n                                                    <\/h2>\n                    <\/div>\n                <\/div>\n            <\/div>\n                    <\/div>\n    <\/div>\n    <\/div><\/section>\n","protected":false},"excerpt":{"rendered":"<p>Be an integral part ofMDL Telecom&#8217;s success! Looking for a stimulating career in the telecommunications sector in Gatineau and Ottawa, MDL Telecom is always looking for new, dynamic candidates to join its team. Candidates will be involved in our clients&#8217; telecommunications and network infrastructures. Candidates must have telecommunications experience and social skills that will help [&hellip;]<\/p>\n","protected":false},"author":1,"featured_media":0,"parent":0,"menu_order":0,"comment_status":"closed","ping_status":"closed","template":"","meta":{"_acf_changed":false,"inline_featured_image":false,"footnotes":""},"class_list":["post-1196","page","type-page","status-publish","hentry"],"acf":[],"yoast_head":"<!-- This site is optimized with the Yoast SEO plugin v25.2 - https:\/\/yoast.com\/wordpress\/plugins\/seo\/ -->\n<title>Career | MDL | Internet &amp; T\u00e9l\u00e9communication<\/title>\n<meta name=\"description\" content=\"Faites partie int\u00e9grante du succ\u00e8s de MDL T\u00e9l\u00e9com! Vous cherchez un emploi dans la r\u00e9gion de l&#039;Outaouais? Appliquez d\u00e8s maintenant!\" \/>\n<meta name=\"robots\" content=\"index, follow, max-snippet:-1, max-image-preview:large, max-video-preview:-1\" \/>\n<link rel=\"canonical\" href=\"https:\/\/mdltelecom.ca\/en\/career\/\" \/>\n<meta property=\"og:locale\" content=\"en_US\" \/>\n<meta property=\"og:type\" content=\"article\" \/>\n<meta property=\"og:title\" content=\"Career | MDL | Internet &amp; T\u00e9l\u00e9communication\" \/>\n<meta property=\"og:description\" content=\"Faites partie int\u00e9grante du succ\u00e8s de MDL T\u00e9l\u00e9com! Vous cherchez un emploi dans la r\u00e9gion de l&#039;Outaouais? Appliquez d\u00e8s maintenant!\" \/>\n<meta property=\"og:url\" content=\"https:\/\/mdltelecom.ca\/en\/career\/\" \/>\n<meta property=\"og:site_name\" content=\"MDL T\u00e9l\u00e9com\" \/>\n<meta property=\"article:modified_time\" content=\"2025-03-24T14:37:48+00:00\" \/>\n<meta property=\"og:image\" content=\"https:\/\/mdltelecom.ca\/wp-content\/uploads\/2025\/03\/MDL_Share.jpg\" \/>\n\t<meta property=\"og:image:width\" content=\"1200\" \/>\n\t<meta property=\"og:image:height\" content=\"630\" \/>\n\t<meta property=\"og:image:type\" content=\"image\/jpeg\" \/>\n<meta name=\"twitter:card\" content=\"summary_large_image\" \/>\n<meta name=\"twitter:label1\" content=\"Est. reading time\" \/>\n\t<meta name=\"twitter:data1\" content=\"1 minute\" \/>\n<script type=\"application\/ld+json\" class=\"yoast-schema-graph\">{\"@context\":\"https:\/\/schema.org\",\"@graph\":[{\"@type\":\"WebPage\",\"@id\":\"https:\/\/mdltelecom.ca\/en\/career\/\",\"url\":\"https:\/\/mdltelecom.ca\/en\/career\/\",\"name\":\"Career | MDL | Internet & T\u00e9l\u00e9communication\",\"isPartOf\":{\"@id\":\"https:\/\/mdltelecom.ca\/en\/#website\"},\"datePublished\":\"2024-06-18T19:34:34+00:00\",\"dateModified\":\"2025-03-24T14:37:48+00:00\",\"description\":\"Faites partie int\u00e9grante du succ\u00e8s de MDL T\u00e9l\u00e9com! Vous cherchez un emploi dans la r\u00e9gion de l'Outaouais? Appliquez d\u00e8s maintenant!\",\"breadcrumb\":{\"@id\":\"https:\/\/mdltelecom.ca\/en\/career\/#breadcrumb\"},\"inLanguage\":\"en-US\",\"potentialAction\":[{\"@type\":\"ReadAction\",\"target\":[\"https:\/\/mdltelecom.ca\/en\/career\/\"]}]},{\"@type\":\"BreadcrumbList\",\"@id\":\"https:\/\/mdltelecom.ca\/en\/career\/#breadcrumb\",\"itemListElement\":[{\"@type\":\"ListItem\",\"position\":1,\"name\":\"Home\",\"item\":\"https:\/\/mdltelecom.ca\/en\/\"},{\"@type\":\"ListItem\",\"position\":2,\"name\":\"Career\"}]},{\"@type\":\"WebSite\",\"@id\":\"https:\/\/mdltelecom.ca\/en\/#website\",\"url\":\"https:\/\/mdltelecom.ca\/en\/\",\"name\":\"MDL T\u00e9l\u00e9com\",\"description\":\"Internet &amp; T\u00e9l\u00e9communication Gatineau - Ottawa\",\"publisher\":{\"@id\":\"https:\/\/mdltelecom.ca\/en\/#organization\"},\"potentialAction\":[{\"@type\":\"SearchAction\",\"target\":{\"@type\":\"EntryPoint\",\"urlTemplate\":\"https:\/\/mdltelecom.ca\/en\/?s={search_term_string}\"},\"query-input\":{\"@type\":\"PropertyValueSpecification\",\"valueRequired\":true,\"valueName\":\"search_term_string\"}}],\"inLanguage\":\"en-US\"},{\"@type\":\"Organization\",\"@id\":\"https:\/\/mdltelecom.ca\/en\/#organization\",\"name\":\"MDL T\u00e9l\u00e9com\",\"url\":\"https:\/\/mdltelecom.ca\/en\/\",\"logo\":{\"@type\":\"ImageObject\",\"inLanguage\":\"en-US\",\"@id\":\"https:\/\/mdltelecom.ca\/en\/#\/schema\/logo\/image\/\",\"url\":\"https:\/\/mdltelecom.ca\/wp-content\/uploads\/2024\/06\/logomdl.svg\",\"contentUrl\":\"https:\/\/mdltelecom.ca\/wp-content\/uploads\/2024\/06\/logomdl.svg\",\"caption\":\"MDL T\u00e9l\u00e9com\"},\"image\":{\"@id\":\"https:\/\/mdltelecom.ca\/en\/#\/schema\/logo\/image\/\"}}]}<\/script>\n<!-- \/ Yoast SEO plugin. -->","yoast_head_json":{"title":"Career | MDL | Internet & T\u00e9l\u00e9communication","description":"Faites partie int\u00e9grante du succ\u00e8s de MDL T\u00e9l\u00e9com! Vous cherchez un emploi dans la r\u00e9gion de l'Outaouais? Appliquez d\u00e8s maintenant!","robots":{"index":"index","follow":"follow","max-snippet":"max-snippet:-1","max-image-preview":"max-image-preview:large","max-video-preview":"max-video-preview:-1"},"canonical":"https:\/\/mdltelecom.ca\/en\/career\/","og_locale":"en_US","og_type":"article","og_title":"Career | MDL | Internet & T\u00e9l\u00e9communication","og_description":"Faites partie int\u00e9grante du succ\u00e8s de MDL T\u00e9l\u00e9com! Vous cherchez un emploi dans la r\u00e9gion de l'Outaouais? Appliquez d\u00e8s maintenant!","og_url":"https:\/\/mdltelecom.ca\/en\/career\/","og_site_name":"MDL T\u00e9l\u00e9com","article_modified_time":"2025-03-24T14:37:48+00:00","og_image":[{"width":1200,"height":630,"url":"https:\/\/mdltelecom.ca\/wp-content\/uploads\/2025\/03\/MDL_Share.jpg","type":"image\/jpeg"}],"twitter_card":"summary_large_image","twitter_misc":{"Est. reading time":"1 minute"},"schema":{"@context":"https:\/\/schema.org","@graph":[{"@type":"WebPage","@id":"https:\/\/mdltelecom.ca\/en\/career\/","url":"https:\/\/mdltelecom.ca\/en\/career\/","name":"Career | MDL | Internet & T\u00e9l\u00e9communication","isPartOf":{"@id":"https:\/\/mdltelecom.ca\/en\/#website"},"datePublished":"2024-06-18T19:34:34+00:00","dateModified":"2025-03-24T14:37:48+00:00","description":"Faites partie int\u00e9grante du succ\u00e8s de MDL T\u00e9l\u00e9com! Vous cherchez un emploi dans la r\u00e9gion de l'Outaouais? Appliquez d\u00e8s maintenant!","breadcrumb":{"@id":"https:\/\/mdltelecom.ca\/en\/career\/#breadcrumb"},"inLanguage":"en-US","potentialAction":[{"@type":"ReadAction","target":["https:\/\/mdltelecom.ca\/en\/career\/"]}]},{"@type":"BreadcrumbList","@id":"https:\/\/mdltelecom.ca\/en\/career\/#breadcrumb","itemListElement":[{"@type":"ListItem","position":1,"name":"Home","item":"https:\/\/mdltelecom.ca\/en\/"},{"@type":"ListItem","position":2,"name":"Career"}]},{"@type":"WebSite","@id":"https:\/\/mdltelecom.ca\/en\/#website","url":"https:\/\/mdltelecom.ca\/en\/","name":"MDL T\u00e9l\u00e9com","description":"Internet &amp; T\u00e9l\u00e9communication Gatineau - Ottawa","publisher":{"@id":"https:\/\/mdltelecom.ca\/en\/#organization"},"potentialAction":[{"@type":"SearchAction","target":{"@type":"EntryPoint","urlTemplate":"https:\/\/mdltelecom.ca\/en\/?s={search_term_string}"},"query-input":{"@type":"PropertyValueSpecification","valueRequired":true,"valueName":"search_term_string"}}],"inLanguage":"en-US"},{"@type":"Organization","@id":"https:\/\/mdltelecom.ca\/en\/#organization","name":"MDL T\u00e9l\u00e9com","url":"https:\/\/mdltelecom.ca\/en\/","logo":{"@type":"ImageObject","inLanguage":"en-US","@id":"https:\/\/mdltelecom.ca\/en\/#\/schema\/logo\/image\/","url":"https:\/\/mdltelecom.ca\/wp-content\/uploads\/2024\/06\/logomdl.svg","contentUrl":"https:\/\/mdltelecom.ca\/wp-content\/uploads\/2024\/06\/logomdl.svg","caption":"MDL T\u00e9l\u00e9com"},"image":{"@id":"https:\/\/mdltelecom.ca\/en\/#\/schema\/logo\/image\/"}}]}},"featured_image_src":null,"featured_image_src_square":null,"_links":{"self":[{"href":"https:\/\/mdltelecom.ca\/en\/wp-json\/wp\/v2\/pages\/1196","targetHints":{"allow":["GET"]}}],"collection":[{"href":"https:\/\/mdltelecom.ca\/en\/wp-json\/wp\/v2\/pages"}],"about":[{"href":"https:\/\/mdltelecom.ca\/en\/wp-json\/wp\/v2\/types\/page"}],"author":[{"embeddable":true,"href":"https:\/\/mdltelecom.ca\/en\/wp-json\/wp\/v2\/users\/1"}],"replies":[{"embeddable":true,"href":"https:\/\/mdltelecom.ca\/en\/wp-json\/wp\/v2\/comments?post=1196"}],"version-history":[{"count":6,"href":"https:\/\/mdltelecom.ca\/en\/wp-json\/wp\/v2\/pages\/1196\/revisions"}],"predecessor-version":[{"id":1373,"href":"https:\/\/mdltelecom.ca\/en\/wp-json\/wp\/v2\/pages\/1196\/revisions\/1373"}],"wp:attachment":[{"href":"https:\/\/mdltelecom.ca\/en\/wp-json\/wp\/v2\/media?parent=1196"}],"curies":[{"name":"wp","href":"https:\/\/api.w.org\/{rel}","templated":true}]}}