{"id":1198,"date":"2024-07-25T17:21:58","date_gmt":"2024-07-25T17:21:58","guid":{"rendered":"https:\/\/mdltelecom.ca\/estimation-gratuite\/"},"modified":"2025-03-24T14:46:28","modified_gmt":"2025-03-24T14:46:28","slug":"free-estimate","status":"publish","type":"page","link":"https:\/\/mdltelecom.ca\/en\/free-estimate\/","title":{"rendered":"Free estimate"},"content":{"rendered":"<section class=\"hero_pages alignfull wp-block-acf-hero-pages\">\n        <div class=\"banner_allpages parallax-img-v2\">\n\n        <img decoding=\"async\" src=\"https:\/\/mdltelecom.ca\/wp-content\/uploads\/2024\/07\/banner_pages.png\" alt=\"\" \/>\n\n        <div class=\"title_bars\">\n            <div class=\"title_bar\">\n                <h3>Free estimate<\/h3>\n            <\/div>\n            <!-- <div class=\"bar_white\"><\/div> -->\n        <\/div>\n    <\/div>\n    <\/section>\n\n\n<div class=\"wp-block-group alignfull content_single_service is-layout-flow wp-block-group-is-layout-flow\" id=\"begin_to_read\">\n<div class=\"wp-block-group content_inside is-layout-constrained wp-block-group-is-layout-constrained\">\n<div class=\"wp-block-group is-layout-constrained wp-block-group-is-layout-constrained\">\n<h3 class=\"wp-block-heading\"><strong>Let us help you!<\/strong><\/h3>\n\n\n\n<p class=\"more_padding\">Do you have questions about our telecommunications solutions? Would you like to learn more about what we can do for your business in Outaouais or Ottawa? Leave us your contact information; we&#8217;ll be happy to contact you to answer your questions or arrange a meeting. Submit a quote online now!<\/p>\n<\/div>\n<\/div>\n<\/div>\n\n\n\n<section class=\"wp-block-group alignfull back_image_content_v2 v2 is-layout-constrained wp-block-group-is-layout-constrained\">\n<figure class=\"wp-block-image size-large image_bg parallax-img\"><img loading=\"lazy\" decoding=\"async\" width=\"1024\" height=\"586\" src=\"https:\/\/mdltelecom.ca\/wp-content\/uploads\/2024\/07\/hdgfkretlf-1024x586.png\" alt=\"\" class=\"wp-image-509\" srcset=\"https:\/\/mdltelecom.ca\/wp-content\/uploads\/2024\/07\/hdgfkretlf-1024x586.png 1024w, https:\/\/mdltelecom.ca\/wp-content\/uploads\/2024\/07\/hdgfkretlf-300x172.png 300w, https:\/\/mdltelecom.ca\/wp-content\/uploads\/2024\/07\/hdgfkretlf-768x440.png 768w, https:\/\/mdltelecom.ca\/wp-content\/uploads\/2024\/07\/hdgfkretlf-1536x879.png 1536w, https:\/\/mdltelecom.ca\/wp-content\/uploads\/2024\/07\/hdgfkretlf.png 1920w\" sizes=\"auto, (max-width: 1024px) 100vw, 1024px\" \/><\/figure>\n\n\n\n<div class=\"wp-block-group content_bg_form has-custom-blanc-background-color has-background is-layout-constrained wp-block-group-is-layout-constrained\">\n<div class=\"wpcf7 no-js\" id=\"wpcf7-f1270-o1\" lang=\"en-US\" dir=\"ltr\" data-wpcf7-id=\"1270\">\n<div class=\"screen-reader-response\"><p role=\"status\" aria-live=\"polite\" aria-atomic=\"true\"><\/p> <ul><\/ul><\/div>\n<form action=\"\/en\/wp-json\/wp\/v2\/pages\/1198#wpcf7-f1270-o1\" method=\"post\" class=\"wpcf7-form init form contact-form\" aria-label=\"Contact form\" novalidate=\"novalidate\" data-status=\"init\">\n<div style=\"display: none;\">\n<input type=\"hidden\" name=\"_wpcf7\" value=\"1270\" \/>\n<input type=\"hidden\" name=\"_wpcf7_version\" value=\"6.0.6\" \/>\n<input type=\"hidden\" name=\"_wpcf7_locale\" value=\"en_US\" \/>\n<input type=\"hidden\" name=\"_wpcf7_unit_tag\" value=\"wpcf7-f1270-o1\" \/>\n<input type=\"hidden\" name=\"_wpcf7_container_post\" value=\"0\" \/>\n<input type=\"hidden\" name=\"_wpcf7_posted_data_hash\" value=\"\" \/>\n<input type=\"hidden\" name=\"_wpcf7_recaptcha_response\" value=\"\" \/>\n<\/div>\n<span class=\"wpcf7-form-control-wrap\" data-name=\"nom\"><input size=\"40\" maxlength=\"400\" class=\"wpcf7-form-control wpcf7-text wpcf7-validates-as-required name\" id=\"name\" aria-required=\"true\" aria-invalid=\"false\" placeholder=\"Last name\" value=\"\" type=\"text\" name=\"nom\" \/><\/span>\n<span class=\"wpcf7-form-control-wrap\" data-name=\"prenom\"><input size=\"40\" maxlength=\"400\" class=\"wpcf7-form-control wpcf7-text wpcf7-validates-as-required prenom\" id=\"prenom\" aria-required=\"true\" aria-invalid=\"false\" placeholder=\"Last name\" value=\"\" type=\"text\" name=\"prenom\" \/><\/span>\n<span class=\"wpcf7-form-control-wrap\" data-name=\"email\"><input size=\"40\" maxlength=\"400\" class=\"wpcf7-form-control wpcf7-email wpcf7-text wpcf7-validates-as-email email\" id=\"email\" aria-invalid=\"false\" placeholder=\"Email\" value=\"\" type=\"email\" name=\"email\" \/><\/span>\n<span class=\"wpcf7-form-control-wrap\" data-name=\"tel\"><input size=\"40\" maxlength=\"400\" class=\"wpcf7-form-control wpcf7-tel wpcf7-text wpcf7-validates-as-tel tel\" id=\"tel\" aria-invalid=\"false\" placeholder=\"Phone\" value=\"\" type=\"tel\" name=\"tel\" \/><\/span>\n<span class=\"wpcf7-form-control-wrap\" data-name=\"entreprise\"><input size=\"40\" maxlength=\"400\" class=\"wpcf7-form-control wpcf7-text entreprise\" id=\"entreprise\" aria-invalid=\"false\" placeholder=\"Company\" value=\"\" type=\"text\" name=\"entreprise\" \/><\/span>\n<!-- cpt list -->\n<!--<span class=\"wpcf7-form-control-wrap\" data-name=\"type_de_service\"><select class=\"wpcf7-form-control wpcf7-select type_de_service\" id=\"type_de_service\" aria-invalid=\"false\" name=\"type_de_service\"><option value=\"S\u00e9lectionnez un service\">S\u00e9lectionnez un service<\/option><\/select><\/span> -->\n\n<span class=\"wpcf7-form-control-wrap\" data-name=\"type_de_service\"><select class=\"wpcf7-form-control wpcf7-select type_de_service\" aria-invalid=\"false\" name=\"type_de_service\"><option value=\"S\u00e9lectionnez un service\">S\u00e9lectionnez un service<\/option><option value=\"Solution de t\u00e9l\u00e9phonie, hybride et nuagique\">Solution de t\u00e9l\u00e9phonie, hybride et nuagique<\/option><option value=\"R\u00e9seau sans fil WIFI affaires\">R\u00e9seau sans fil WIFI affaires<\/option><option value=\"Lignes SIP\">Lignes SIP<\/option><option value=\"C\u00e2blage structur\u00e9 et fibre optique\">C\u00e2blage structur\u00e9 et fibre optique<\/option><\/select><\/span>\n\n<span class=\"wpcf7-form-control-wrap\" data-name=\"textarea\"><textarea cols=\"40\" rows=\"10\" maxlength=\"2000\" class=\"wpcf7-form-control wpcf7-textarea message\" id=\"message\" aria-invalid=\"false\" placeholder=\"Message\" name=\"textarea\"><\/textarea><\/span>\n\n<div class=\"submit_form\"><input class=\"wpcf7-form-control wpcf7-submit has-spinner send_email\" id=\"send_email\" type=\"submit\" value=\"Send\" \/> <svg xmlns=\"http:\/\/www.w3.org\/2000\/svg\" viewBox=\"0 0 187.44 80.75\"> \n  <g>\n    <path d=\"M4.47,44.09l167.66.92-28.54,28.03c-1.78,1.75-1.79,4.58-.06,6.36,1.75,1.78,4.6,1.79,6.36.06l36.2-35.54c1.78-1.75,1.79-4.58.06-6.36L150.62,1.34C149.75.45,148.59,0,147.44,0s-2.3.42-3.18,1.3c-1.78,1.74-1.81,4.58-.06,6.36l27.84,28.36-167.52-.92C2.04,35.09.01,37.09,0,39.57s1.99,4.5,4.48,4.51h0Z\"\/>\n  <\/g>\n<\/svg><\/div><div class=\"wpcf7-response-output\" aria-hidden=\"true\"><\/div>\n<\/form>\n<\/div>\n\n<\/div>\n\n\n\n<div class=\"wp-block-group content_bg is-layout-constrained wp-block-group-is-layout-constrained\">\n<div class=\"wp-block-group alignfull column_content_bg has-custom-dark-bleu-background-color has-background is-vertical is-layout-flex wp-container-core-group-is-layout-fe9cc265 wp-block-group-is-layout-flex\">\n<h2 class=\"wp-block-heading has-white-color has-text-color has-link-color wp-elements-e5ea3d1afe5e51cae7980122e9c6eed8\">Connecting the future, since 2005<\/h2>\n\n\n\n<p>The company began operations in early 2005. The founders&#8217; main objective was to offer advanced telephone system solutions for business customers in the Capitale-Nationale region.<\/p>\n\n\n\n<div class=\"wp-block-buttons arrow_button is-layout-flex wp-block-buttons-is-layout-flex\">\n<div class=\"wp-block-button custom_button1\"><a class=\"wp-block-button__link wp-element-button\" href=\"https:\/\/mdltelecom.ca\/en\/about\/\">About us<svg id=\"Calque_2\" data-name=\"Calque 2\" xmlns=\"http:\/\/www.w3.org\/2000\/svg\" viewbox=\"0 0 150.45 83.75\"><defs><style>.cls-1{fill:#000;stroke:#000;stroke-miterlimit:10;stroke-width:3px;}<\/style><\/defs><g id=\"Layer_1\" data-name=\"Layer 1\"><path class=\"cls-1\" d=\"M6.03,46.89l127.6-.74-28.24,28.36c-1.79,1.81-1.77,4.61.04,6.4s4.61,1.77,6.4-.04l35.79-35.91c1.79-1.81,1.77-4.61-.04-6.4L111.67,2.78c-.91-.89-2.01-1.29-3.21-1.28-1.1,0-2.3.41-3.19,1.32-1.79,1.71-1.77,4.61.04,6.4l28.16,28.04-127.5.74c-2.5.01-4.49,2.03-4.47,4.53s2.03,4.39,4.53,4.37h0Z\"><\/path><\/g><\/svg><\/a><\/div>\n<\/div>\n<\/div>\n<\/div>\n<\/section>\n\n\n\n<section class=\"wp-block-group alignfull section_two_block is-layout-constrained wp-block-group-is-layout-constrained\">\n<div class=\"wp-block-columns alignfull section_wrapper_two_block has-custom-violet-background-color has-background is-layout-flex wp-container-core-columns-is-layout-28f84493 wp-block-columns-is-layout-flex\">\n<div class=\"wp-block-column section_two_block_left is-layout-constrained wp-block-column-is-layout-constrained\">\n<div class=\"wp-block-group content_left is-layout-constrained wp-block-group-is-layout-constrained\">\n<figure class=\"wp-block-image size-full\"><img loading=\"lazy\" decoding=\"async\" width=\"109\" height=\"109\" src=\"https:\/\/mdltelecom.ca\/wp-content\/uploads\/2024\/06\/technical-support_1515761-copy.png\" alt=\"\" class=\"wp-image-197\"\/><\/figure>\n\n\n\n<p class=\"ita_text has-roboto-font-family\" style=\"font-size:20px;font-style:normal;font-weight:500\">Technical support<\/p>\n\n\n\n<h5 class=\"wp-block-heading has-white-color has-text-color has-link-color wp-elements-9db6e1381355118a2152fc601658a9e4\">Are you experiencing technical issues? Contact us for immediate assistance from our support team.<\/h5>\n\n\n\n<div class=\"wp-block-buttons button_special is-layout-flex wp-block-buttons-is-layout-flex\">\n<div class=\"wp-block-button is-style-outline is-style-outline--1\"><a class=\"wp-block-button__link wp-element-button\" href=\"https:\/\/mdltelecom.ca\/en\/technical-support\/\">Contact us<\/a><\/div>\n<\/div>\n<\/div>\n<\/div>\n\n\n\n<div class=\"wp-block-column section_two_block_right has-custom-dark-bleu-background-color has-background is-layout-constrained wp-block-column-is-layout-constrained\">\n<div class=\"wp-block-group content_right is-layout-constrained wp-block-group-is-layout-constrained\">\n<figure class=\"wp-block-image size-full\"><img loading=\"lazy\" decoding=\"async\" width=\"115\" height=\"127\" src=\"https:\/\/mdltelecom.ca\/wp-content\/uploads\/2024\/07\/services_909386.png\" alt=\"\" class=\"wp-image-517\"\/><\/figure>\n\n\n\n<p class=\"ita_text has-roboto-font-family\" style=\"font-size:20px;font-style:normal;font-weight:500\">Our services<\/p>\n\n\n\n<h5 class=\"wp-block-heading has-white-color has-text-color has-link-color wp-elements-1e0d98d7359c56576bcb5a67ab14298d\">We offer several solutions that can suit any business.<\/h5>\n\n\n\n<div class=\"wp-block-buttons button_special is-layout-flex wp-block-buttons-is-layout-flex\">\n<div class=\"wp-block-button is-style-outline is-style-outline--2\"><a class=\"wp-block-button__link wp-element-button\" href=\"https:\/\/mdltelecom.ca\/en\/services\/\">Our services<\/a><\/div>\n<\/div>\n<\/div>\n<\/div>\n<\/div>\n<\/section>\n","protected":false},"excerpt":{"rendered":"<p>Let us help you! Do you have questions about our telecommunications solutions? Would you like to learn more about what we can do for your business in Outaouais or Ottawa? Leave us your contact information; we&#8217;ll be happy to contact you to answer your questions or arrange a meeting. Submit a quote online now! Connecting [&hellip;]<\/p>\n","protected":false},"author":1,"featured_media":0,"parent":0,"menu_order":0,"comment_status":"closed","ping_status":"closed","template":"","meta":{"_acf_changed":false,"inline_featured_image":false,"footnotes":""},"class_list":["post-1198","page","type-page","status-publish","hentry"],"acf":[],"yoast_head":"<!-- This site is optimized with the Yoast SEO plugin v25.2 - https:\/\/yoast.com\/wordpress\/plugins\/seo\/ -->\n<title>Free estimate | MDL | Internet &amp; T\u00e9l\u00e9communication<\/title>\n<meta name=\"description\" content=\"Vous aimeriez en savoir davantage sur ce que l\u2019on peut faire pour votre entreprise en Outaouais ou \u00e0 Ottawa?\" \/>\n<meta name=\"robots\" content=\"index, follow, max-snippet:-1, max-image-preview:large, max-video-preview:-1\" \/>\n<link rel=\"canonical\" href=\"https:\/\/mdltelecom.ca\/en\/free-estimate\/\" \/>\n<meta property=\"og:locale\" content=\"en_US\" \/>\n<meta property=\"og:type\" content=\"article\" \/>\n<meta property=\"og:title\" content=\"Free estimate | MDL | Internet &amp; T\u00e9l\u00e9communication\" \/>\n<meta property=\"og:description\" content=\"Vous aimeriez en savoir davantage sur ce que l\u2019on peut faire pour votre entreprise en Outaouais ou \u00e0 Ottawa?\" \/>\n<meta property=\"og:url\" content=\"https:\/\/mdltelecom.ca\/en\/free-estimate\/\" \/>\n<meta property=\"og:site_name\" content=\"MDL T\u00e9l\u00e9com\" \/>\n<meta property=\"article:modified_time\" content=\"2025-03-24T14:46:28+00:00\" \/>\n<meta property=\"og:image\" content=\"https:\/\/mdltelecom.ca\/wp-content\/uploads\/2024\/07\/hdgfkretlf-1024x586.png\" \/>\n<meta name=\"twitter:card\" content=\"summary_large_image\" \/>\n<meta name=\"twitter:label1\" content=\"Est. reading time\" \/>\n\t<meta name=\"twitter:data1\" content=\"2 minutes\" \/>\n<script type=\"application\/ld+json\" class=\"yoast-schema-graph\">{\"@context\":\"https:\/\/schema.org\",\"@graph\":[{\"@type\":\"WebPage\",\"@id\":\"https:\/\/mdltelecom.ca\/en\/free-estimate\/\",\"url\":\"https:\/\/mdltelecom.ca\/en\/free-estimate\/\",\"name\":\"Free estimate | MDL | Internet & T\u00e9l\u00e9communication\",\"isPartOf\":{\"@id\":\"https:\/\/mdltelecom.ca\/en\/#website\"},\"primaryImageOfPage\":{\"@id\":\"https:\/\/mdltelecom.ca\/en\/free-estimate\/#primaryimage\"},\"image\":{\"@id\":\"https:\/\/mdltelecom.ca\/en\/free-estimate\/#primaryimage\"},\"thumbnailUrl\":\"https:\/\/mdltelecom.ca\/wp-content\/uploads\/2024\/07\/hdgfkretlf-1024x586.png\",\"datePublished\":\"2024-07-25T17:21:58+00:00\",\"dateModified\":\"2025-03-24T14:46:28+00:00\",\"description\":\"Vous aimeriez en savoir davantage sur ce que l\u2019on peut faire pour votre entreprise en Outaouais ou \u00e0 Ottawa?\",\"breadcrumb\":{\"@id\":\"https:\/\/mdltelecom.ca\/en\/free-estimate\/#breadcrumb\"},\"inLanguage\":\"en-US\",\"potentialAction\":[{\"@type\":\"ReadAction\",\"target\":[\"https:\/\/mdltelecom.ca\/en\/free-estimate\/\"]}]},{\"@type\":\"ImageObject\",\"inLanguage\":\"en-US\",\"@id\":\"https:\/\/mdltelecom.ca\/en\/free-estimate\/#primaryimage\",\"url\":\"https:\/\/mdltelecom.ca\/wp-content\/uploads\/2024\/07\/hdgfkretlf-1024x586.png\",\"contentUrl\":\"https:\/\/mdltelecom.ca\/wp-content\/uploads\/2024\/07\/hdgfkretlf-1024x586.png\"},{\"@type\":\"BreadcrumbList\",\"@id\":\"https:\/\/mdltelecom.ca\/en\/free-estimate\/#breadcrumb\",\"itemListElement\":[{\"@type\":\"ListItem\",\"position\":1,\"name\":\"Home\",\"item\":\"https:\/\/mdltelecom.ca\/en\/\"},{\"@type\":\"ListItem\",\"position\":2,\"name\":\"Free estimate\"}]},{\"@type\":\"WebSite\",\"@id\":\"https:\/\/mdltelecom.ca\/en\/#website\",\"url\":\"https:\/\/mdltelecom.ca\/en\/\",\"name\":\"MDL T\u00e9l\u00e9com\",\"description\":\"Internet &amp; T\u00e9l\u00e9communication Gatineau - Ottawa\",\"publisher\":{\"@id\":\"https:\/\/mdltelecom.ca\/en\/#organization\"},\"potentialAction\":[{\"@type\":\"SearchAction\",\"target\":{\"@type\":\"EntryPoint\",\"urlTemplate\":\"https:\/\/mdltelecom.ca\/en\/?s={search_term_string}\"},\"query-input\":{\"@type\":\"PropertyValueSpecification\",\"valueRequired\":true,\"valueName\":\"search_term_string\"}}],\"inLanguage\":\"en-US\"},{\"@type\":\"Organization\",\"@id\":\"https:\/\/mdltelecom.ca\/en\/#organization\",\"name\":\"MDL T\u00e9l\u00e9com\",\"url\":\"https:\/\/mdltelecom.ca\/en\/\",\"logo\":{\"@type\":\"ImageObject\",\"inLanguage\":\"en-US\",\"@id\":\"https:\/\/mdltelecom.ca\/en\/#\/schema\/logo\/image\/\",\"url\":\"https:\/\/mdltelecom.ca\/wp-content\/uploads\/2024\/06\/logomdl.svg\",\"contentUrl\":\"https:\/\/mdltelecom.ca\/wp-content\/uploads\/2024\/06\/logomdl.svg\",\"caption\":\"MDL T\u00e9l\u00e9com\"},\"image\":{\"@id\":\"https:\/\/mdltelecom.ca\/en\/#\/schema\/logo\/image\/\"}}]}<\/script>\n<!-- \/ Yoast SEO plugin. -->","yoast_head_json":{"title":"Free estimate | MDL | Internet & T\u00e9l\u00e9communication","description":"Vous aimeriez en savoir davantage sur ce que l\u2019on peut faire pour votre entreprise en Outaouais ou \u00e0 Ottawa?","robots":{"index":"index","follow":"follow","max-snippet":"max-snippet:-1","max-image-preview":"max-image-preview:large","max-video-preview":"max-video-preview:-1"},"canonical":"https:\/\/mdltelecom.ca\/en\/free-estimate\/","og_locale":"en_US","og_type":"article","og_title":"Free estimate | MDL | Internet & T\u00e9l\u00e9communication","og_description":"Vous aimeriez en savoir davantage sur ce que l\u2019on peut faire pour votre entreprise en Outaouais ou \u00e0 Ottawa?","og_url":"https:\/\/mdltelecom.ca\/en\/free-estimate\/","og_site_name":"MDL T\u00e9l\u00e9com","article_modified_time":"2025-03-24T14:46:28+00:00","og_image":[{"url":"https:\/\/mdltelecom.ca\/wp-content\/uploads\/2024\/07\/hdgfkretlf-1024x586.png","type":"","width":"","height":""}],"twitter_card":"summary_large_image","twitter_misc":{"Est. reading time":"2 minutes"},"schema":{"@context":"https:\/\/schema.org","@graph":[{"@type":"WebPage","@id":"https:\/\/mdltelecom.ca\/en\/free-estimate\/","url":"https:\/\/mdltelecom.ca\/en\/free-estimate\/","name":"Free estimate | MDL | Internet & T\u00e9l\u00e9communication","isPartOf":{"@id":"https:\/\/mdltelecom.ca\/en\/#website"},"primaryImageOfPage":{"@id":"https:\/\/mdltelecom.ca\/en\/free-estimate\/#primaryimage"},"image":{"@id":"https:\/\/mdltelecom.ca\/en\/free-estimate\/#primaryimage"},"thumbnailUrl":"https:\/\/mdltelecom.ca\/wp-content\/uploads\/2024\/07\/hdgfkretlf-1024x586.png","datePublished":"2024-07-25T17:21:58+00:00","dateModified":"2025-03-24T14:46:28+00:00","description":"Vous aimeriez en savoir davantage sur ce que l\u2019on peut faire pour votre entreprise en Outaouais ou \u00e0 Ottawa?","breadcrumb":{"@id":"https:\/\/mdltelecom.ca\/en\/free-estimate\/#breadcrumb"},"inLanguage":"en-US","potentialAction":[{"@type":"ReadAction","target":["https:\/\/mdltelecom.ca\/en\/free-estimate\/"]}]},{"@type":"ImageObject","inLanguage":"en-US","@id":"https:\/\/mdltelecom.ca\/en\/free-estimate\/#primaryimage","url":"https:\/\/mdltelecom.ca\/wp-content\/uploads\/2024\/07\/hdgfkretlf-1024x586.png","contentUrl":"https:\/\/mdltelecom.ca\/wp-content\/uploads\/2024\/07\/hdgfkretlf-1024x586.png"},{"@type":"BreadcrumbList","@id":"https:\/\/mdltelecom.ca\/en\/free-estimate\/#breadcrumb","itemListElement":[{"@type":"ListItem","position":1,"name":"Home","item":"https:\/\/mdltelecom.ca\/en\/"},{"@type":"ListItem","position":2,"name":"Free estimate"}]},{"@type":"WebSite","@id":"https:\/\/mdltelecom.ca\/en\/#website","url":"https:\/\/mdltelecom.ca\/en\/","name":"MDL T\u00e9l\u00e9com","description":"Internet &amp; T\u00e9l\u00e9communication Gatineau - Ottawa","publisher":{"@id":"https:\/\/mdltelecom.ca\/en\/#organization"},"potentialAction":[{"@type":"SearchAction","target":{"@type":"EntryPoint","urlTemplate":"https:\/\/mdltelecom.ca\/en\/?s={search_term_string}"},"query-input":{"@type":"PropertyValueSpecification","valueRequired":true,"valueName":"search_term_string"}}],"inLanguage":"en-US"},{"@type":"Organization","@id":"https:\/\/mdltelecom.ca\/en\/#organization","name":"MDL T\u00e9l\u00e9com","url":"https:\/\/mdltelecom.ca\/en\/","logo":{"@type":"ImageObject","inLanguage":"en-US","@id":"https:\/\/mdltelecom.ca\/en\/#\/schema\/logo\/image\/","url":"https:\/\/mdltelecom.ca\/wp-content\/uploads\/2024\/06\/logomdl.svg","contentUrl":"https:\/\/mdltelecom.ca\/wp-content\/uploads\/2024\/06\/logomdl.svg","caption":"MDL T\u00e9l\u00e9com"},"image":{"@id":"https:\/\/mdltelecom.ca\/en\/#\/schema\/logo\/image\/"}}]}},"featured_image_src":null,"featured_image_src_square":null,"_links":{"self":[{"href":"https:\/\/mdltelecom.ca\/en\/wp-json\/wp\/v2\/pages\/1198","targetHints":{"allow":["GET"]}}],"collection":[{"href":"https:\/\/mdltelecom.ca\/en\/wp-json\/wp\/v2\/pages"}],"about":[{"href":"https:\/\/mdltelecom.ca\/en\/wp-json\/wp\/v2\/types\/page"}],"author":[{"embeddable":true,"href":"https:\/\/mdltelecom.ca\/en\/wp-json\/wp\/v2\/users\/1"}],"replies":[{"embeddable":true,"href":"https:\/\/mdltelecom.ca\/en\/wp-json\/wp\/v2\/comments?post=1198"}],"version-history":[{"count":8,"href":"https:\/\/mdltelecom.ca\/en\/wp-json\/wp\/v2\/pages\/1198\/revisions"}],"predecessor-version":[{"id":1332,"href":"https:\/\/mdltelecom.ca\/en\/wp-json\/wp\/v2\/pages\/1198\/revisions\/1332"}],"wp:attachment":[{"href":"https:\/\/mdltelecom.ca\/en\/wp-json\/wp\/v2\/media?parent=1198"}],"curies":[{"name":"wp","href":"https:\/\/api.w.org\/{rel}","templated":true}]}}