{"id":1199,"date":"2024-08-06T14:24:39","date_gmt":"2024-08-06T14:24:39","guid":{"rendered":"https:\/\/mdltelecom.ca\/nos-clients\/"},"modified":"2026-04-07T17:39:20","modified_gmt":"2026-04-07T17:39:20","slug":"our-customers","status":"publish","type":"page","link":"https:\/\/mdltelecom.ca\/en\/our-customers\/","title":{"rendered":"Our customers"},"content":{"rendered":"<section class=\"hero_pages alignfull wp-block-acf-hero-pages\">\n        <div class=\"banner_allpages parallax-img-v2\">\n\n        <img decoding=\"async\" src=\"https:\/\/mdltelecom.ca\/wp-content\/uploads\/2025\/03\/clients_banner-scaled.jpg\" alt=\"\" \/>\n\n        <div class=\"title_bars\">\n            <div class=\"title_bar\">\n                <h3>Our customers<\/h3>\n            <\/div>\n            <!-- <div class=\"bar_white\"><\/div> -->\n        <\/div>\n    <\/div>\n    <\/section>\n\n\n<div class=\"wp-block-group alignfull content_single_service is-layout-constrained wp-block-group-is-layout-constrained\" id=\"begin_to_read\">\n<div class=\"wp-block-group content_inside is-layout-constrained wp-block-group-is-layout-constrained\">\n<h3 class=\"wp-block-heading\">Our customers, our pride.<\/h3>\n\n\n\n<p class=\"more_padding\">We are proud to collaborate with a diverse range of clients who trust us to meet their technology needs. Each logo below represents a company that shares our commitment to excellence and innovation.<br><br>At MDL Telecom, we strive to build lasting relationships with our clients, providing tailored solutions that support their growth and success. We are honored to work with industry leaders and innovators from various sectors. We thank each of our clients for their trust and continued collaboration. Together, we create solutions that make a difference.<br><br>Discover some of our valued partners:<\/p>\n<\/div>\n<\/div>\n\n\n\n<section class=\"wp-block-group alignfull container_clients is-layout-constrained wp-block-group-is-layout-constrained\"><div class=\"clients align wp-block-acf-clients\">\n\n    <div class=\"logos_clients\">\n        \n                        <picture class=\"image_wrapper\">\n            <img decoding=\"async\" src=\"https:\/\/mdltelecom.ca\/wp-content\/uploads\/2025\/01\/EdBrunet_Logo-300x300-1.png\" alt=\"\" \/>\n        <\/picture>\n\n                                <picture class=\"image_wrapper\">\n            <img decoding=\"async\" src=\"https:\/\/mdltelecom.ca\/wp-content\/uploads\/2025\/01\/Capture2685-1024x575-1.jpg\" alt=\"\" \/>\n        <\/picture>\n\n                                <picture class=\"image_wrapper\">\n            <img decoding=\"async\" src=\"https:\/\/mdltelecom.ca\/wp-content\/uploads\/2026\/04\/RDI_WHITE_LOGO.jpg\" alt=\"\" \/>\n        <\/picture>\n\n                                <picture class=\"image_wrapper\">\n            <img decoding=\"async\" src=\"https:\/\/mdltelecom.ca\/wp-content\/uploads\/2025\/01\/download.png\" alt=\"\" \/>\n        <\/picture>\n\n                                <picture class=\"image_wrapper\">\n            <img decoding=\"async\" src=\"https:\/\/mdltelecom.ca\/wp-content\/uploads\/2024\/07\/logo2.png\" alt=\"\" \/>\n        <\/picture>\n\n                                <picture class=\"image_wrapper\">\n            <img decoding=\"async\" src=\"https:\/\/mdltelecom.ca\/wp-content\/uploads\/2024\/07\/logo3.png\" alt=\"\" \/>\n        <\/picture>\n\n                                <picture class=\"image_wrapper\">\n            <img decoding=\"async\" src=\"https:\/\/mdltelecom.ca\/wp-content\/uploads\/2024\/07\/logo4.png\" alt=\"\" \/>\n        <\/picture>\n\n                                <picture class=\"image_wrapper\">\n            <img decoding=\"async\" src=\"https:\/\/mdltelecom.ca\/wp-content\/uploads\/2024\/10\/logo.png\" alt=\"\" \/>\n        <\/picture>\n\n                                <picture class=\"image_wrapper\">\n            <img decoding=\"async\" src=\"https:\/\/mdltelecom.ca\/wp-content\/uploads\/2024\/10\/20230822112815-logolr.png\" alt=\"\" \/>\n        <\/picture>\n\n                                <picture class=\"image_wrapper\">\n            <img decoding=\"async\" src=\"https:\/\/mdltelecom.ca\/wp-content\/uploads\/2024\/10\/nouveaulogogracefield_horsm-1563543942.jpg\" alt=\"\" \/>\n        <\/picture>\n\n                                                <picture class=\"image_wrapper\">\n            <img decoding=\"async\" src=\"https:\/\/mdltelecom.ca\/wp-content\/uploads\/2025\/11\/download.png\" alt=\"\" \/>\n        <\/picture>\n\n                                <picture class=\"image_wrapper\">\n            <img decoding=\"async\" src=\"https:\/\/mdltelecom.ca\/wp-content\/uploads\/2024\/10\/download.png\" alt=\"\" \/>\n        <\/picture>\n\n                                <picture class=\"image_wrapper\">\n            <img decoding=\"async\" src=\"https:\/\/mdltelecom.ca\/wp-content\/uploads\/2024\/10\/Logo_direct.png\" alt=\"\" \/>\n        <\/picture>\n\n                                <picture class=\"image_wrapper\">\n            <img decoding=\"async\" src=\"https:\/\/mdltelecom.ca\/wp-content\/uploads\/2024\/10\/Logo-sans-fond.png\" alt=\"\" \/>\n        <\/picture>\n\n                                <picture class=\"image_wrapper\">\n            <img decoding=\"async\" src=\"https:\/\/mdltelecom.ca\/wp-content\/uploads\/2024\/10\/download.jpeg\" alt=\"\" \/>\n        <\/picture>\n\n                                <picture class=\"image_wrapper\">\n            <img decoding=\"async\" src=\"https:\/\/mdltelecom.ca\/wp-content\/uploads\/2024\/11\/image004.png\" alt=\"\" \/>\n        <\/picture>\n\n                                <picture class=\"image_wrapper\">\n            <img decoding=\"async\" src=\"https:\/\/mdltelecom.ca\/wp-content\/uploads\/2026\/04\/eardley-logo.jpg\" alt=\"\" \/>\n        <\/picture>\n\n                                <picture class=\"image_wrapper\">\n            <img decoding=\"async\" src=\"https:\/\/mdltelecom.ca\/wp-content\/uploads\/2026\/04\/Logo-Seguin-Morris.png\" alt=\"\" \/>\n        <\/picture>\n\n                                <picture class=\"image_wrapper\">\n            <img decoding=\"async\" src=\"https:\/\/mdltelecom.ca\/wp-content\/uploads\/2026\/04\/images.png\" alt=\"\" \/>\n        <\/picture>\n\n                                <picture class=\"image_wrapper\">\n            <img decoding=\"async\" src=\"https:\/\/mdltelecom.ca\/wp-content\/uploads\/2026\/04\/Wakefield-Mill_Logo-Logo-Black-RGB-10.51in@300ppi.png\" alt=\"\" \/>\n        <\/picture>\n\n                                <picture class=\"image_wrapper\">\n            <img decoding=\"async\" src=\"https:\/\/mdltelecom.ca\/wp-content\/uploads\/2024\/11\/image003.png\" alt=\"\" \/>\n        <\/picture>\n\n                \n            <\/div>\n<\/div><\/section>\n\n\n\n<div class=\"wp-block-group alignfull bloc_temoignages  padding_general_left padding_general_top padding_general_bottom has-custom-blanc-background-color has-background is-layout-flow wp-block-group-is-layout-flow\">\n<div class=\"slider_temoignages align wp-block-acf-accueil-temoignages\">\n    <div class=\"left\">\n                <h3>What our customers say about us!<\/h3>\n                        <div class=\"container_buttons no-bouton\"\">\n            \n        <div class=\"buttons_slider_temoignages\">\n            <div class=\"swiper-button-prev\">\n                <div class=\"circle_container\">\n                    <svg id=\"Calque_2\" xmlns=\"http:\/\/www.w3.org\/2000\/svg\" viewBox=\"0 0 202.76 202.76\">\n                        <g id=\"Layer_1\">\n                            <path class=\"cls-2\"\n                                d=\"M90.4,101.43c0-2.14.76-4.2,2.21-5.68l17.42-18.43c1.24-1.33,1.24-3.39,0-4.72s-3.18-1.33-4.42,0l-24.89,26.32c-1.24,1.33-1.24,3.39,0,4.72l24.68,26.54c.62.66,1.38.96,2.21.96.76,0,1.59-.29,2.21-.96,1.24-1.25,1.24-3.39,0-4.72l-17.22-18.5c-1.45-1.47-2.21-3.46-2.21-5.53h0Z\" \/>\n                        <\/g>\n                    <\/svg>\n                <\/div>\n            <\/div>\n            <div class=\"swiper-button-next\">\n                <div class=\"circle_container\">\n                    <svg id=\"Calque_2\" xmlns=\"http:\/\/www.w3.org\/2000\/svg\" viewBox=\"0 0 202.76 202.76\">\n                        <g id=\"Layer_1\">\n                            <path class=\"cls-2\"\n                                d=\"M106.36,101.4c0,2.14-.76,4.2-2.21,5.68l-17.42,18.43c-1.24,1.33-1.24,3.39,0,4.72s3.18,1.33,4.42,0l24.89-26.32c1.24-1.33,1.24-3.39,0-4.72l-24.68-26.54c-.62-.66-1.38-.96-2.21-.96-.76,0-1.59.29-2.21.96-1.24,1.25-1.24,3.39,0,4.72l17.22,18.5c1.45,1.47,2.21,3.46,2.21,5.53h0Z\" \/>\n                        <\/g>\n                    <\/svg>\n                <\/div>\n            <\/div>\n        <\/div>\n    <\/div>\n\n    <div class=\"slider_temoignages_information\">\n        <div class=\"swiper holi2\">\n            <!-- Additional required wrapper -->\n            <div class=\"swiper-wrapper\">\n\n                <!-- Slides -->\n                                <div class=\"swiper-slide\">\n                    <div class=\"container_information\">\n                                                <h5>Pavage Lafleur<\/h5>\n                        \n                                                <p>Also a thank you to Martin, always impeccable service and attentive to our needs.<\/p>\n                        \n                    <\/div>\n\n                <\/div>\n                                <div class=\"swiper-slide\">\n                    <div class=\"container_information\">\n                                                <h5>Grenier Group<\/h5>\n                        \n                                                <p>We did business with MDL Telecom for a replacement of analog telephone system to an IP system for two of our dealerships, everything went seamlessly, without interruptions! We have been doing business with MDL Telecom for several years for several cabling jobs and also for network or telephone troubleshooting, impeccable service from the technicians as well as the management staff, we highly recommend this telecommunications company! A BIG THANK YOU!<\/p>\n                        \n                    <\/div>\n\n                <\/div>\n                                <div class=\"swiper-slide\">\n                    <div class=\"container_information\">\n                                                <h5>Chambre de Commerce de Gatineau<\/h5>\n                        \n                                                <p>Since switching to MDL Telecom for our phone services, we&#039;ve noticed an improvement in communication and efficiency within our organization. Their customer service is always available and attentive to our needs. The mobile app particularly impressed us with its ease of use and its ability to connect us, no matter where we are.<\/p>\n                        \n                    <\/div>\n\n                <\/div>\n                                <div class=\"swiper-slide\">\n                    <div class=\"container_information\">\n                                                <h5>Jason Burns | Op\u00e9ration Nez Rouge<\/h5>\n                        \n                                                <p>Our partnership with MDL has allowed us to operate the Operation Red Nose call center in Outaouais since 2019. We consider ourselves fortunate to be able to count on their equipment, their expertise, their great efficiency, and their generosity. Thank you, MDL Telecom.<\/p>\n                        \n                    <\/div>\n\n                <\/div>\n                \n            <\/div>\n        <\/div>\n\n    <\/div>\n<\/div>\n\n<div class=\"right\">\n    <div class=\"slider_temoignages_images\">\n        <div class=\"swiper holi\">\n            <!-- Additional required wrapper -->\n            <div class=\"swiper-wrapper\">\n\n                <!-- Slides -->\n                \n                <div class=\"swiper-slide\">\n                    <div class=\"image-fixed-animation\">\n                        <img loading=\"lazy\" decoding=\"async\" width=\"400\" height=\"134\" src=\"https:\/\/mdltelecom.ca\/wp-content\/uploads\/2026\/04\/PavageLafleurLogo.png\" class=\"attachment-full size-full wp-post-image\" alt=\"\" srcset=\"https:\/\/mdltelecom.ca\/wp-content\/uploads\/2026\/04\/PavageLafleurLogo.png 400w, https:\/\/mdltelecom.ca\/wp-content\/uploads\/2026\/04\/PavageLafleurLogo-300x101.png 300w\" sizes=\"auto, (max-width: 400px) 100vw, 400px\" \/>                    <\/div>\n\n                <\/div>\n\n                \n                <div class=\"swiper-slide\">\n                    <div class=\"image-fixed-animation\">\n                        <img loading=\"lazy\" decoding=\"async\" width=\"324\" height=\"83\" src=\"https:\/\/mdltelecom.ca\/wp-content\/uploads\/2025\/02\/logo-grenierofficiel1623863046893.png\" class=\"attachment-full size-full wp-post-image\" alt=\"\" srcset=\"https:\/\/mdltelecom.ca\/wp-content\/uploads\/2025\/02\/logo-grenierofficiel1623863046893.png 324w, https:\/\/mdltelecom.ca\/wp-content\/uploads\/2025\/02\/logo-grenierofficiel1623863046893-300x77.png 300w\" sizes=\"auto, (max-width: 324px) 100vw, 324px\" \/>                    <\/div>\n\n                <\/div>\n\n                \n                <div class=\"swiper-slide\">\n                    <div class=\"image-fixed-animation\">\n                        <img loading=\"lazy\" decoding=\"async\" width=\"1200\" height=\"437\" src=\"https:\/\/mdltelecom.ca\/wp-content\/uploads\/2025\/03\/CCG_logo2016_RGB_L.png\" class=\"attachment-full size-full wp-post-image\" alt=\"\" srcset=\"https:\/\/mdltelecom.ca\/wp-content\/uploads\/2025\/03\/CCG_logo2016_RGB_L.png 1200w, https:\/\/mdltelecom.ca\/wp-content\/uploads\/2025\/03\/CCG_logo2016_RGB_L-300x109.png 300w, https:\/\/mdltelecom.ca\/wp-content\/uploads\/2025\/03\/CCG_logo2016_RGB_L-1024x373.png 1024w, https:\/\/mdltelecom.ca\/wp-content\/uploads\/2025\/03\/CCG_logo2016_RGB_L-768x280.png 768w\" sizes=\"auto, (max-width: 1200px) 100vw, 1200px\" \/>                    <\/div>\n\n                <\/div>\n\n                \n                <div class=\"swiper-slide\">\n                    <div class=\"image-fixed-animation\">\n                        <img loading=\"lazy\" decoding=\"async\" width=\"1024\" height=\"532\" src=\"https:\/\/mdltelecom.ca\/wp-content\/uploads\/2025\/03\/Operation_Nez_rouge.png\" class=\"attachment-full size-full wp-post-image\" alt=\"\" srcset=\"https:\/\/mdltelecom.ca\/wp-content\/uploads\/2025\/03\/Operation_Nez_rouge.png 1024w, https:\/\/mdltelecom.ca\/wp-content\/uploads\/2025\/03\/Operation_Nez_rouge-300x156.png 300w, https:\/\/mdltelecom.ca\/wp-content\/uploads\/2025\/03\/Operation_Nez_rouge-768x399.png 768w\" sizes=\"auto, (max-width: 1024px) 100vw, 1024px\" \/>                    <\/div>\n\n                <\/div>\n\n                \n            <\/div>\n        <\/div>\n    <\/div>\n<\/div>\n\n<\/div>\n<\/div>\n","protected":false},"excerpt":{"rendered":"<p>Our customers, our pride. We are proud to collaborate with a diverse range of clients who trust us to meet their technology needs. Each logo below represents a company that shares our commitment to excellence and innovation. At MDL Telecom, we strive to build lasting relationships with our clients, providing tailored solutions that support their [&hellip;]<\/p>\n","protected":false},"author":1,"featured_media":0,"parent":0,"menu_order":0,"comment_status":"closed","ping_status":"closed","template":"","meta":{"_acf_changed":false,"inline_featured_image":false,"footnotes":""},"class_list":["post-1199","page","type-page","status-publish","hentry"],"acf":[],"yoast_head":"<!-- This site is optimized with the Yoast SEO plugin v25.2 - https:\/\/yoast.com\/wordpress\/plugins\/seo\/ -->\n<title>Our customers | MDL | Internet &amp; T\u00e9l\u00e9communication<\/title>\n<meta name=\"description\" content=\"Des milliers de t\u00e9l\u00e9phones et d\u2019antennes WiFi branch\u00e9s \u00e0 nos centaines de syst\u00e8mes t\u00e9l\u00e9phoniques et MDL pour vous aider avec ceci!\" \/>\n<meta name=\"robots\" content=\"index, follow, max-snippet:-1, max-image-preview:large, max-video-preview:-1\" \/>\n<link rel=\"canonical\" href=\"https:\/\/mdltelecom.ca\/en\/our-customers\/\" \/>\n<meta property=\"og:locale\" content=\"en_US\" \/>\n<meta property=\"og:type\" content=\"article\" \/>\n<meta property=\"og:title\" content=\"Our customers | MDL | Internet &amp; T\u00e9l\u00e9communication\" \/>\n<meta property=\"og:description\" content=\"Des milliers de t\u00e9l\u00e9phones et d\u2019antennes WiFi branch\u00e9s \u00e0 nos centaines de syst\u00e8mes t\u00e9l\u00e9phoniques et MDL pour vous aider avec ceci!\" \/>\n<meta property=\"og:url\" content=\"https:\/\/mdltelecom.ca\/en\/our-customers\/\" \/>\n<meta property=\"og:site_name\" content=\"MDL T\u00e9l\u00e9com\" \/>\n<meta property=\"article:modified_time\" content=\"2026-04-07T17:39:20+00:00\" \/>\n<meta property=\"og:image\" content=\"https:\/\/mdltelecom.ca\/wp-content\/uploads\/2025\/03\/MDL_Share.jpg\" \/>\n\t<meta property=\"og:image:width\" content=\"1200\" \/>\n\t<meta property=\"og:image:height\" content=\"630\" \/>\n\t<meta property=\"og:image:type\" content=\"image\/jpeg\" \/>\n<meta name=\"twitter:card\" content=\"summary_large_image\" \/>\n<meta name=\"twitter:label1\" content=\"Est. reading time\" \/>\n\t<meta name=\"twitter:data1\" content=\"1 minute\" \/>\n<script type=\"application\/ld+json\" class=\"yoast-schema-graph\">{\"@context\":\"https:\/\/schema.org\",\"@graph\":[{\"@type\":\"WebPage\",\"@id\":\"https:\/\/mdltelecom.ca\/en\/our-customers\/\",\"url\":\"https:\/\/mdltelecom.ca\/en\/our-customers\/\",\"name\":\"Our customers | MDL | Internet & T\u00e9l\u00e9communication\",\"isPartOf\":{\"@id\":\"https:\/\/mdltelecom.ca\/en\/#website\"},\"datePublished\":\"2024-08-06T14:24:39+00:00\",\"dateModified\":\"2026-04-07T17:39:20+00:00\",\"description\":\"Des milliers de t\u00e9l\u00e9phones et d\u2019antennes WiFi branch\u00e9s \u00e0 nos centaines de syst\u00e8mes t\u00e9l\u00e9phoniques et MDL pour vous aider avec ceci!\",\"breadcrumb\":{\"@id\":\"https:\/\/mdltelecom.ca\/en\/our-customers\/#breadcrumb\"},\"inLanguage\":\"en-US\",\"potentialAction\":[{\"@type\":\"ReadAction\",\"target\":[\"https:\/\/mdltelecom.ca\/en\/our-customers\/\"]}]},{\"@type\":\"BreadcrumbList\",\"@id\":\"https:\/\/mdltelecom.ca\/en\/our-customers\/#breadcrumb\",\"itemListElement\":[{\"@type\":\"ListItem\",\"position\":1,\"name\":\"Home\",\"item\":\"https:\/\/mdltelecom.ca\/en\/\"},{\"@type\":\"ListItem\",\"position\":2,\"name\":\"Our customers\"}]},{\"@type\":\"WebSite\",\"@id\":\"https:\/\/mdltelecom.ca\/en\/#website\",\"url\":\"https:\/\/mdltelecom.ca\/en\/\",\"name\":\"MDL T\u00e9l\u00e9com\",\"description\":\"Internet &amp; T\u00e9l\u00e9communication Gatineau - Ottawa\",\"publisher\":{\"@id\":\"https:\/\/mdltelecom.ca\/en\/#organization\"},\"potentialAction\":[{\"@type\":\"SearchAction\",\"target\":{\"@type\":\"EntryPoint\",\"urlTemplate\":\"https:\/\/mdltelecom.ca\/en\/?s={search_term_string}\"},\"query-input\":{\"@type\":\"PropertyValueSpecification\",\"valueRequired\":true,\"valueName\":\"search_term_string\"}}],\"inLanguage\":\"en-US\"},{\"@type\":\"Organization\",\"@id\":\"https:\/\/mdltelecom.ca\/en\/#organization\",\"name\":\"MDL T\u00e9l\u00e9com\",\"url\":\"https:\/\/mdltelecom.ca\/en\/\",\"logo\":{\"@type\":\"ImageObject\",\"inLanguage\":\"en-US\",\"@id\":\"https:\/\/mdltelecom.ca\/en\/#\/schema\/logo\/image\/\",\"url\":\"https:\/\/mdltelecom.ca\/wp-content\/uploads\/2024\/06\/logomdl.svg\",\"contentUrl\":\"https:\/\/mdltelecom.ca\/wp-content\/uploads\/2024\/06\/logomdl.svg\",\"caption\":\"MDL T\u00e9l\u00e9com\"},\"image\":{\"@id\":\"https:\/\/mdltelecom.ca\/en\/#\/schema\/logo\/image\/\"}}]}<\/script>\n<!-- \/ Yoast SEO plugin. -->","yoast_head_json":{"title":"Our customers | MDL | Internet & T\u00e9l\u00e9communication","description":"Des milliers de t\u00e9l\u00e9phones et d\u2019antennes WiFi branch\u00e9s \u00e0 nos centaines de syst\u00e8mes t\u00e9l\u00e9phoniques et MDL pour vous aider avec ceci!","robots":{"index":"index","follow":"follow","max-snippet":"max-snippet:-1","max-image-preview":"max-image-preview:large","max-video-preview":"max-video-preview:-1"},"canonical":"https:\/\/mdltelecom.ca\/en\/our-customers\/","og_locale":"en_US","og_type":"article","og_title":"Our customers | MDL | Internet & T\u00e9l\u00e9communication","og_description":"Des milliers de t\u00e9l\u00e9phones et d\u2019antennes WiFi branch\u00e9s \u00e0 nos centaines de syst\u00e8mes t\u00e9l\u00e9phoniques et MDL pour vous aider avec ceci!","og_url":"https:\/\/mdltelecom.ca\/en\/our-customers\/","og_site_name":"MDL T\u00e9l\u00e9com","article_modified_time":"2026-04-07T17:39:20+00:00","og_image":[{"width":1200,"height":630,"url":"https:\/\/mdltelecom.ca\/wp-content\/uploads\/2025\/03\/MDL_Share.jpg","type":"image\/jpeg"}],"twitter_card":"summary_large_image","twitter_misc":{"Est. reading time":"1 minute"},"schema":{"@context":"https:\/\/schema.org","@graph":[{"@type":"WebPage","@id":"https:\/\/mdltelecom.ca\/en\/our-customers\/","url":"https:\/\/mdltelecom.ca\/en\/our-customers\/","name":"Our customers | MDL | Internet & T\u00e9l\u00e9communication","isPartOf":{"@id":"https:\/\/mdltelecom.ca\/en\/#website"},"datePublished":"2024-08-06T14:24:39+00:00","dateModified":"2026-04-07T17:39:20+00:00","description":"Des milliers de t\u00e9l\u00e9phones et d\u2019antennes WiFi branch\u00e9s \u00e0 nos centaines de syst\u00e8mes t\u00e9l\u00e9phoniques et MDL pour vous aider avec ceci!","breadcrumb":{"@id":"https:\/\/mdltelecom.ca\/en\/our-customers\/#breadcrumb"},"inLanguage":"en-US","potentialAction":[{"@type":"ReadAction","target":["https:\/\/mdltelecom.ca\/en\/our-customers\/"]}]},{"@type":"BreadcrumbList","@id":"https:\/\/mdltelecom.ca\/en\/our-customers\/#breadcrumb","itemListElement":[{"@type":"ListItem","position":1,"name":"Home","item":"https:\/\/mdltelecom.ca\/en\/"},{"@type":"ListItem","position":2,"name":"Our customers"}]},{"@type":"WebSite","@id":"https:\/\/mdltelecom.ca\/en\/#website","url":"https:\/\/mdltelecom.ca\/en\/","name":"MDL T\u00e9l\u00e9com","description":"Internet &amp; T\u00e9l\u00e9communication Gatineau - Ottawa","publisher":{"@id":"https:\/\/mdltelecom.ca\/en\/#organization"},"potentialAction":[{"@type":"SearchAction","target":{"@type":"EntryPoint","urlTemplate":"https:\/\/mdltelecom.ca\/en\/?s={search_term_string}"},"query-input":{"@type":"PropertyValueSpecification","valueRequired":true,"valueName":"search_term_string"}}],"inLanguage":"en-US"},{"@type":"Organization","@id":"https:\/\/mdltelecom.ca\/en\/#organization","name":"MDL T\u00e9l\u00e9com","url":"https:\/\/mdltelecom.ca\/en\/","logo":{"@type":"ImageObject","inLanguage":"en-US","@id":"https:\/\/mdltelecom.ca\/en\/#\/schema\/logo\/image\/","url":"https:\/\/mdltelecom.ca\/wp-content\/uploads\/2024\/06\/logomdl.svg","contentUrl":"https:\/\/mdltelecom.ca\/wp-content\/uploads\/2024\/06\/logomdl.svg","caption":"MDL T\u00e9l\u00e9com"},"image":{"@id":"https:\/\/mdltelecom.ca\/en\/#\/schema\/logo\/image\/"}}]}},"featured_image_src":null,"featured_image_src_square":null,"_links":{"self":[{"href":"https:\/\/mdltelecom.ca\/en\/wp-json\/wp\/v2\/pages\/1199","targetHints":{"allow":["GET"]}}],"collection":[{"href":"https:\/\/mdltelecom.ca\/en\/wp-json\/wp\/v2\/pages"}],"about":[{"href":"https:\/\/mdltelecom.ca\/en\/wp-json\/wp\/v2\/types\/page"}],"author":[{"embeddable":true,"href":"https:\/\/mdltelecom.ca\/en\/wp-json\/wp\/v2\/users\/1"}],"replies":[{"embeddable":true,"href":"https:\/\/mdltelecom.ca\/en\/wp-json\/wp\/v2\/comments?post=1199"}],"version-history":[{"count":6,"href":"https:\/\/mdltelecom.ca\/en\/wp-json\/wp\/v2\/pages\/1199\/revisions"}],"predecessor-version":[{"id":1439,"href":"https:\/\/mdltelecom.ca\/en\/wp-json\/wp\/v2\/pages\/1199\/revisions\/1439"}],"wp:attachment":[{"href":"https:\/\/mdltelecom.ca\/en\/wp-json\/wp\/v2\/media?parent=1199"}],"curies":[{"name":"wp","href":"https:\/\/api.w.org\/{rel}","templated":true}]}}