{"id":1200,"date":"2024-07-23T21:09:44","date_gmt":"2024-07-23T21:09:44","guid":{"rendered":"https:\/\/mdltelecom.ca\/notre-equipe\/"},"modified":"2025-03-24T14:32:09","modified_gmt":"2025-03-24T14:32:09","slug":"our-team","status":"publish","type":"page","link":"https:\/\/mdltelecom.ca\/en\/our-team\/","title":{"rendered":"Our team"},"content":{"rendered":"<section class=\"hero_pages alignfull wp-block-acf-hero-pages\">\n        <div class=\"banner_allpages parallax-img-v2\">\n\n        <img decoding=\"async\" src=\"https:\/\/mdltelecom.ca\/wp-content\/uploads\/2024\/06\/banner_pages-copy.jpg\" alt=\"\" \/>\n\n        <div class=\"title_bars\">\n            <div class=\"title_bar\">\n                <h3>Our team<\/h3>\n            <\/div>\n            <!-- <div class=\"bar_white\"><\/div> -->\n        <\/div>\n    <\/div>\n    <\/section>\n\n\n<div class=\"wp-block-group alignfull content_single_service is-layout-constrained wp-block-group-is-layout-constrained\" id=\"begin_to_read\">\n<div class=\"wp-block-group content_inside is-layout-constrained wp-block-group-is-layout-constrained\">\n<h3 class=\"wp-block-heading\"><strong>A team dedicated to your success<\/strong><\/h3>\n\n\n\n<p class=\"more_padding\">At MDL Telecom, our team is made up of passionate and experienced professionals who share a common mission: to provide technological solutions tailored to our clients&#8217; needs. Each of our members plays a key role in the development of our services, from project design to deployment. Thanks to their expertise, creativity, and commitment, we build trusting relationships with our partners and clients, ensuring impeccable service every step of the way. Together, we innovate to meet technological challenges and propel your businesses forward.<\/p>\n<\/div>\n<\/div>\n\n\n\n<section class=\"wp-block-group alignfull container_equipev2 is-layout-constrained wp-block-group-is-layout-constrained\"><div class=\"equipe_v2 align wp-block-acf-equipev2\">\n    <div class=\"wrapper_groupe1\">\n\n        <!-- <h2 class=\"title_equipe\"><\/h2> -->\n\n        \n        <div class=\"list_equipe\">\n            \n            \n            <div class=\"persone\">\n                                <a href=\"mailto:rmarcotte@mdltelecom.ca\">\n                    <h4>Raphael Marcotte<\/h4>                                        <p class=\"post\">President<\/p>\n                                    <\/a>\n                            <\/div>\n\n            \n            <div class=\"persone\">\n                                <a href=\"mailto:jrodrigue@mdltelecom.ca\">\n                    <h4>Jessyka Rodrigue<\/h4>                                        <p class=\"post\">General Manager<\/p>\n                                    <\/a>\n                            <\/div>\n\n            \n            <div class=\"persone\">\n                                <a href=\"mailto:dguimond@mdltelecom.ca\">\n                    <h4>Dominic Guimond<\/h4>                                        <p class=\"post\">Chief Technical Officer<\/p>\n                                    <\/a>\n                            <\/div>\n\n            \n            <div class=\"persone\">\n                                <a href=\"mailto:support@mdltelecom.ca\">\n                    <h4>C\u00e9line Latour<\/h4>                                        <p class=\"post\">Coordinator<\/p>\n                                    <\/a>\n                            <\/div>\n\n            \n            <div class=\"persone\">\n                                <a href=\"mailto:sgauthier@mdltelecom.ca\">\n                    <h4>Sylvain Gauthier<\/h4>                                        <p class=\"post\">Business Solutions Advisor<\/p>\n                                    <\/a>\n                            <\/div>\n\n            \n            <div class=\"persone\">\n                                <a href=\"mailto:flupien@mdltelecom.ca\">\n                    <h4>Fr\u00e9d\u00e9ric Lupien<\/h4>                                        <p class=\"post\">Business Solutions Advisor<\/p>\n                                    <\/a>\n                            <\/div>\n\n            \n            <div class=\"persone\">\n                                <div>\n                    <h4>Tim Blundell<\/h4>                                        <p class=\"post\">Business Solution Advisor, Ontario Territory<\/p>\n                                    <\/div>\n                            <\/div>\n\n            \n            <div class=\"persone\">\n                                <div>\n                    <h4>Martin Cloutier<\/h4>                                        <p class=\"post\">Senior Telephone Technician<\/p>\n                                    <\/div>\n                            <\/div>\n\n            \n            <div class=\"persone\">\n                                <div>\n                    <h4>Christopher Massey<\/h4>                                        <p class=\"post\">Senior Cable Technician and Telephone Technician<\/p>\n                                    <\/div>\n                            <\/div>\n\n            \n            <div class=\"persone\">\n                                <div>\n                    <h4>Pascal St-Jean<\/h4>                                        <p class=\"post\">Senior Telephone Technician<\/p>\n                                    <\/div>\n                            <\/div>\n\n            \n            <div class=\"persone\">\n                                <div>\n                    <h4>Marc-Andr\u00e9 Collet<\/h4>                                        <p class=\"post\">Telephone technician<\/p>\n                                    <\/div>\n                            <\/div>\n\n            \n            <div class=\"persone\">\n                                <div>\n                    <h4>Martin Verner<\/h4>                                        <p class=\"post\">Cable Technician<\/p>\n                                    <\/div>\n                            <\/div>\n\n            \n            <div class=\"persone\">\n                                <div>\n                    <h4>Charles-Antoine \u00c9thier<\/h4>                                        <p class=\"post\">Cable technician<\/p>\n                                    <\/div>\n                            <\/div>\n\n            \n        <\/div>\n    <\/div>\n<\/div><\/section>\n\n\n\n<section class=\"wp-block-group alignfull logos_section_slider is-layout-constrained wp-block-group-is-layout-constrained\">\n<div class=\"slider_logos align wp-block-acf-slider-logos\">\n    <div class=\"swiper\">\n        <!-- Additional required wrapper -->\n        <div class=\"swiper-wrapper\">\n            \n            <div class=\"swiper-slide\">\n                <div class=\"logo_wrapper\">\n\n                    <figure class=\"wp-block-image size-full\">\n                                                <img loading=\"lazy\" decoding=\"async\" width=\"243\" height=\"25\"\n                            src=\"https:\/\/mdltelecom.ca\/wp-content\/uploads\/2024\/06\/image1.png\" alt=\"\"\n                            class=\"wp-image-186\">\n                        \n                    <\/figure>\n                <\/div>\n            <\/div>\n            \n            <div class=\"swiper-slide\">\n                <div class=\"logo_wrapper\">\n\n                    <figure class=\"wp-block-image size-full\">\n                                                <img loading=\"lazy\" decoding=\"async\" width=\"243\" height=\"25\"\n                            src=\"https:\/\/mdltelecom.ca\/wp-content\/uploads\/2025\/03\/NEC_logo.png\" alt=\"\"\n                            class=\"wp-image-186\">\n                        \n                    <\/figure>\n                <\/div>\n            <\/div>\n            \n            <div class=\"swiper-slide\">\n                <div class=\"logo_wrapper\">\n\n                    <figure class=\"wp-block-image size-full\">\n                                                <img loading=\"lazy\" decoding=\"async\" width=\"243\" height=\"25\"\n                            src=\"https:\/\/mdltelecom.ca\/wp-content\/uploads\/2025\/01\/superior-essex-logo-2c.png\" alt=\"\"\n                            class=\"wp-image-186\">\n                        \n                    <\/figure>\n                <\/div>\n            <\/div>\n            \n            <div class=\"swiper-slide\">\n                <div class=\"logo_wrapper\">\n\n                    <figure class=\"wp-block-image size-full\">\n                                                <img loading=\"lazy\" decoding=\"async\" width=\"243\" height=\"25\"\n                            src=\"https:\/\/mdltelecom.ca\/wp-content\/uploads\/2024\/10\/panduit-vector-logo.png\" alt=\"\"\n                            class=\"wp-image-186\">\n                        \n                    <\/figure>\n                <\/div>\n            <\/div>\n            \n            <div class=\"swiper-slide\">\n                <div class=\"logo_wrapper\">\n\n                    <figure class=\"wp-block-image size-full\">\n                                                <img loading=\"lazy\" decoding=\"async\" width=\"243\" height=\"25\"\n                            src=\"https:\/\/mdltelecom.ca\/wp-content\/uploads\/2025\/03\/toshiba-logo.png\" alt=\"\"\n                            class=\"wp-image-186\">\n                        \n                    <\/figure>\n                <\/div>\n            <\/div>\n            \n            <div class=\"swiper-slide\">\n                <div class=\"logo_wrapper\">\n\n                    <figure class=\"wp-block-image size-full\">\n                                                <img loading=\"lazy\" decoding=\"async\" width=\"243\" height=\"25\"\n                            src=\"https:\/\/mdltelecom.ca\/wp-content\/uploads\/2024\/10\/panasonic-logo-design-history-and-evolution-kreafolk_e22aef50-03d3-44ad-9c51-839d87728434.webp\" alt=\"\"\n                            class=\"wp-image-186\">\n                        \n                    <\/figure>\n                <\/div>\n            <\/div>\n            \n            <div class=\"swiper-slide\">\n                <div class=\"logo_wrapper\">\n\n                    <figure class=\"wp-block-image size-full\">\n                                                <img loading=\"lazy\" decoding=\"async\" width=\"243\" height=\"25\"\n                            src=\"https:\/\/mdltelecom.ca\/wp-content\/uploads\/2025\/03\/logo-grandstream.png\" alt=\"\"\n                            class=\"wp-image-186\">\n                        \n                    <\/figure>\n                <\/div>\n            <\/div>\n            \n            <div class=\"swiper-slide\">\n                <div class=\"logo_wrapper\">\n\n                    <figure class=\"wp-block-image size-full\">\n                                                <img loading=\"lazy\" decoding=\"async\" width=\"243\" height=\"25\"\n                            src=\"https:\/\/mdltelecom.ca\/wp-content\/uploads\/2025\/03\/04IooGwvSVH6oe7N3425hZV-7.fit_lim.size_1050x591.v1569472389.jpg\" alt=\"\"\n                            class=\"wp-image-186\">\n                        \n                    <\/figure>\n                <\/div>\n            <\/div>\n            \n            <div class=\"swiper-slide\">\n                <div class=\"logo_wrapper\">\n\n                    <figure class=\"wp-block-image size-full\">\n                                                <img loading=\"lazy\" decoding=\"async\" width=\"243\" height=\"25\"\n                            src=\"https:\/\/mdltelecom.ca\/wp-content\/uploads\/2025\/11\/logo.png\" alt=\"\"\n                            class=\"wp-image-186\">\n                        \n                    <\/figure>\n                <\/div>\n            <\/div>\n                    <\/div>\n    <\/div>\n<\/div>\n\n<\/section>\n","protected":false},"excerpt":{"rendered":"<p>A team dedicated to your success At MDL Telecom, our team is made up of passionate and experienced professionals who share a common mission: to provide technological solutions tailored to our clients&#8217; needs. Each of our members plays a key role in the development of our services, from project design to deployment. Thanks to their [&hellip;]<\/p>\n","protected":false},"author":1,"featured_media":0,"parent":0,"menu_order":0,"comment_status":"closed","ping_status":"closed","template":"","meta":{"_acf_changed":false,"inline_featured_image":false,"footnotes":""},"class_list":["post-1200","page","type-page","status-publish","hentry"],"acf":[],"yoast_head":"<!-- This site is optimized with the Yoast SEO plugin v25.2 - https:\/\/yoast.com\/wordpress\/plugins\/seo\/ -->\n<title>Our team | MDL | Internet &amp; T\u00e9l\u00e9communication<\/title>\n<meta name=\"description\" content=\"Notre \u00e9quipe est compos\u00e9e de professionnels qui partagent une mission commune : offrir des solutions technologiques adapt\u00e9es \u00e0 vous besoins.\" \/>\n<meta name=\"robots\" content=\"index, follow, max-snippet:-1, max-image-preview:large, max-video-preview:-1\" \/>\n<link rel=\"canonical\" href=\"https:\/\/mdltelecom.ca\/en\/our-team\/\" \/>\n<meta property=\"og:locale\" content=\"en_US\" \/>\n<meta property=\"og:type\" content=\"article\" \/>\n<meta property=\"og:title\" content=\"Our team | MDL | Internet &amp; T\u00e9l\u00e9communication\" \/>\n<meta property=\"og:description\" content=\"Notre \u00e9quipe est compos\u00e9e de professionnels qui partagent une mission commune : offrir des solutions technologiques adapt\u00e9es \u00e0 vous besoins.\" \/>\n<meta property=\"og:url\" content=\"https:\/\/mdltelecom.ca\/en\/our-team\/\" \/>\n<meta property=\"og:site_name\" content=\"MDL T\u00e9l\u00e9com\" \/>\n<meta property=\"article:modified_time\" content=\"2025-03-24T14:32:09+00:00\" \/>\n<meta property=\"og:image\" content=\"https:\/\/mdltelecom.ca\/wp-content\/uploads\/2025\/03\/MDL_Share.jpg\" \/>\n\t<meta property=\"og:image:width\" content=\"1200\" \/>\n\t<meta property=\"og:image:height\" content=\"630\" \/>\n\t<meta property=\"og:image:type\" content=\"image\/jpeg\" \/>\n<meta name=\"twitter:card\" content=\"summary_large_image\" \/>\n<meta name=\"twitter:label1\" content=\"Est. reading time\" \/>\n\t<meta name=\"twitter:data1\" content=\"1 minute\" \/>\n<script type=\"application\/ld+json\" class=\"yoast-schema-graph\">{\"@context\":\"https:\/\/schema.org\",\"@graph\":[{\"@type\":\"WebPage\",\"@id\":\"https:\/\/mdltelecom.ca\/en\/our-team\/\",\"url\":\"https:\/\/mdltelecom.ca\/en\/our-team\/\",\"name\":\"Our team | MDL | Internet & T\u00e9l\u00e9communication\",\"isPartOf\":{\"@id\":\"https:\/\/mdltelecom.ca\/en\/#website\"},\"datePublished\":\"2024-07-23T21:09:44+00:00\",\"dateModified\":\"2025-03-24T14:32:09+00:00\",\"description\":\"Notre \u00e9quipe est compos\u00e9e de professionnels qui partagent une mission commune : offrir des solutions technologiques adapt\u00e9es \u00e0 vous besoins.\",\"breadcrumb\":{\"@id\":\"https:\/\/mdltelecom.ca\/en\/our-team\/#breadcrumb\"},\"inLanguage\":\"en-US\",\"potentialAction\":[{\"@type\":\"ReadAction\",\"target\":[\"https:\/\/mdltelecom.ca\/en\/our-team\/\"]}]},{\"@type\":\"BreadcrumbList\",\"@id\":\"https:\/\/mdltelecom.ca\/en\/our-team\/#breadcrumb\",\"itemListElement\":[{\"@type\":\"ListItem\",\"position\":1,\"name\":\"Home\",\"item\":\"https:\/\/mdltelecom.ca\/en\/\"},{\"@type\":\"ListItem\",\"position\":2,\"name\":\"Our team\"}]},{\"@type\":\"WebSite\",\"@id\":\"https:\/\/mdltelecom.ca\/en\/#website\",\"url\":\"https:\/\/mdltelecom.ca\/en\/\",\"name\":\"MDL T\u00e9l\u00e9com\",\"description\":\"Internet &amp; T\u00e9l\u00e9communication Gatineau - Ottawa\",\"publisher\":{\"@id\":\"https:\/\/mdltelecom.ca\/en\/#organization\"},\"potentialAction\":[{\"@type\":\"SearchAction\",\"target\":{\"@type\":\"EntryPoint\",\"urlTemplate\":\"https:\/\/mdltelecom.ca\/en\/?s={search_term_string}\"},\"query-input\":{\"@type\":\"PropertyValueSpecification\",\"valueRequired\":true,\"valueName\":\"search_term_string\"}}],\"inLanguage\":\"en-US\"},{\"@type\":\"Organization\",\"@id\":\"https:\/\/mdltelecom.ca\/en\/#organization\",\"name\":\"MDL T\u00e9l\u00e9com\",\"url\":\"https:\/\/mdltelecom.ca\/en\/\",\"logo\":{\"@type\":\"ImageObject\",\"inLanguage\":\"en-US\",\"@id\":\"https:\/\/mdltelecom.ca\/en\/#\/schema\/logo\/image\/\",\"url\":\"https:\/\/mdltelecom.ca\/wp-content\/uploads\/2024\/06\/logomdl.svg\",\"contentUrl\":\"https:\/\/mdltelecom.ca\/wp-content\/uploads\/2024\/06\/logomdl.svg\",\"caption\":\"MDL T\u00e9l\u00e9com\"},\"image\":{\"@id\":\"https:\/\/mdltelecom.ca\/en\/#\/schema\/logo\/image\/\"}}]}<\/script>\n<!-- \/ Yoast SEO plugin. -->","yoast_head_json":{"title":"Our team | MDL | Internet & T\u00e9l\u00e9communication","description":"Notre \u00e9quipe est compos\u00e9e de professionnels qui partagent une mission commune : offrir des solutions technologiques adapt\u00e9es \u00e0 vous besoins.","robots":{"index":"index","follow":"follow","max-snippet":"max-snippet:-1","max-image-preview":"max-image-preview:large","max-video-preview":"max-video-preview:-1"},"canonical":"https:\/\/mdltelecom.ca\/en\/our-team\/","og_locale":"en_US","og_type":"article","og_title":"Our team | MDL | Internet & T\u00e9l\u00e9communication","og_description":"Notre \u00e9quipe est compos\u00e9e de professionnels qui partagent une mission commune : offrir des solutions technologiques adapt\u00e9es \u00e0 vous besoins.","og_url":"https:\/\/mdltelecom.ca\/en\/our-team\/","og_site_name":"MDL T\u00e9l\u00e9com","article_modified_time":"2025-03-24T14:32:09+00:00","og_image":[{"width":1200,"height":630,"url":"https:\/\/mdltelecom.ca\/wp-content\/uploads\/2025\/03\/MDL_Share.jpg","type":"image\/jpeg"}],"twitter_card":"summary_large_image","twitter_misc":{"Est. reading time":"1 minute"},"schema":{"@context":"https:\/\/schema.org","@graph":[{"@type":"WebPage","@id":"https:\/\/mdltelecom.ca\/en\/our-team\/","url":"https:\/\/mdltelecom.ca\/en\/our-team\/","name":"Our team | MDL | Internet & T\u00e9l\u00e9communication","isPartOf":{"@id":"https:\/\/mdltelecom.ca\/en\/#website"},"datePublished":"2024-07-23T21:09:44+00:00","dateModified":"2025-03-24T14:32:09+00:00","description":"Notre \u00e9quipe est compos\u00e9e de professionnels qui partagent une mission commune : offrir des solutions technologiques adapt\u00e9es \u00e0 vous besoins.","breadcrumb":{"@id":"https:\/\/mdltelecom.ca\/en\/our-team\/#breadcrumb"},"inLanguage":"en-US","potentialAction":[{"@type":"ReadAction","target":["https:\/\/mdltelecom.ca\/en\/our-team\/"]}]},{"@type":"BreadcrumbList","@id":"https:\/\/mdltelecom.ca\/en\/our-team\/#breadcrumb","itemListElement":[{"@type":"ListItem","position":1,"name":"Home","item":"https:\/\/mdltelecom.ca\/en\/"},{"@type":"ListItem","position":2,"name":"Our team"}]},{"@type":"WebSite","@id":"https:\/\/mdltelecom.ca\/en\/#website","url":"https:\/\/mdltelecom.ca\/en\/","name":"MDL T\u00e9l\u00e9com","description":"Internet &amp; T\u00e9l\u00e9communication Gatineau - Ottawa","publisher":{"@id":"https:\/\/mdltelecom.ca\/en\/#organization"},"potentialAction":[{"@type":"SearchAction","target":{"@type":"EntryPoint","urlTemplate":"https:\/\/mdltelecom.ca\/en\/?s={search_term_string}"},"query-input":{"@type":"PropertyValueSpecification","valueRequired":true,"valueName":"search_term_string"}}],"inLanguage":"en-US"},{"@type":"Organization","@id":"https:\/\/mdltelecom.ca\/en\/#organization","name":"MDL T\u00e9l\u00e9com","url":"https:\/\/mdltelecom.ca\/en\/","logo":{"@type":"ImageObject","inLanguage":"en-US","@id":"https:\/\/mdltelecom.ca\/en\/#\/schema\/logo\/image\/","url":"https:\/\/mdltelecom.ca\/wp-content\/uploads\/2024\/06\/logomdl.svg","contentUrl":"https:\/\/mdltelecom.ca\/wp-content\/uploads\/2024\/06\/logomdl.svg","caption":"MDL T\u00e9l\u00e9com"},"image":{"@id":"https:\/\/mdltelecom.ca\/en\/#\/schema\/logo\/image\/"}}]}},"featured_image_src":null,"featured_image_src_square":null,"_links":{"self":[{"href":"https:\/\/mdltelecom.ca\/en\/wp-json\/wp\/v2\/pages\/1200","targetHints":{"allow":["GET"]}}],"collection":[{"href":"https:\/\/mdltelecom.ca\/en\/wp-json\/wp\/v2\/pages"}],"about":[{"href":"https:\/\/mdltelecom.ca\/en\/wp-json\/wp\/v2\/types\/page"}],"author":[{"embeddable":true,"href":"https:\/\/mdltelecom.ca\/en\/wp-json\/wp\/v2\/users\/1"}],"replies":[{"embeddable":true,"href":"https:\/\/mdltelecom.ca\/en\/wp-json\/wp\/v2\/comments?post=1200"}],"version-history":[{"count":2,"href":"https:\/\/mdltelecom.ca\/en\/wp-json\/wp\/v2\/pages\/1200\/revisions"}],"predecessor-version":[{"id":1300,"href":"https:\/\/mdltelecom.ca\/en\/wp-json\/wp\/v2\/pages\/1200\/revisions\/1300"}],"wp:attachment":[{"href":"https:\/\/mdltelecom.ca\/en\/wp-json\/wp\/v2\/media?parent=1200"}],"curies":[{"name":"wp","href":"https:\/\/api.w.org\/{rel}","templated":true}]}}